{"id":1896,"date":"2018-04-09T16:32:36","date_gmt":"2018-04-09T16:32:36","guid":{"rendered":"http:\/\/hillbo.com\/contacto\/"},"modified":"2023-10-19T06:25:10","modified_gmt":"2023-10-19T06:25:10","slug":"contact","status":"publish","type":"page","link":"https:\/\/hillbo.com\/en\/contact\/","title":{"rendered":"Contact"},"content":{"rendered":"<p>[et_pb_section fb_built=&#8221;1&#8243; fullwidth=&#8221;on&#8221; _builder_version=&#8221;4.16&#8243; bottom_divider_style=&#8221;wave&#8221; bottom_divider_color=&#8221;#ffffff&#8221; bottom_divider_height=&#8221;59px&#8221; bottom_divider_flip=&#8221;horizontal&#8221; locked=&#8221;off&#8221; global_colors_info=&#8221;{}&#8221;][et_pb_fullwidth_image src=&#8221;https:\/\/hillbo.com\/wp-content\/uploads\/2022\/10\/contacto_hillbo_eng.jpg&#8221; src_tablet=&#8221;&#8221; src_phone=&#8221;https:\/\/hillbo.com\/wp-content\/uploads\/2022\/10\/contacto_hillbo_eng_mbl.jpg&#8221; src_last_edited=&#8221;on|desktop&#8221; _builder_version=&#8221;4.16&#8243; global_colors_info=&#8221;{}&#8221;][\/et_pb_fullwidth_image][\/et_pb_section][et_pb_section fb_built=&#8221;1&#8243; _builder_version=&#8221;4.16&#8243; custom_margin=&#8221;0px|||&#8221; custom_padding=&#8221;67px|||||&#8221; global_colors_info=&#8221;{}&#8221;][et_pb_row column_structure=&#8221;1_3,2_3&#8243; module_class=&#8221; et_pb_row_fullwidth&#8221; _builder_version=&#8221;4.16&#8243; width=&#8221;89%&#8221; width_tablet=&#8221;80%&#8221; width_phone=&#8221;&#8221; width_last_edited=&#8221;on|desktop&#8221; max_width=&#8221;89%&#8221; max_width_tablet=&#8221;80%&#8221; max_width_phone=&#8221;&#8221; max_width_last_edited=&#8221;on|desktop&#8221; custom_margin=&#8221;0px|||&#8221; custom_padding=&#8221;0px|||&#8221; make_fullwidth=&#8221;on&#8221; global_colors_info=&#8221;{}&#8221;][et_pb_column type=&#8221;1_3&#8243; _builder_version=&#8221;4.16&#8243; custom_padding=&#8221;|||&#8221; global_colors_info=&#8221;{}&#8221; custom_padding__hover=&#8221;|||&#8221;][et_pb_blurb image=&#8221;https:\/\/hillbo.com\/wp-content\/uploads\/2019\/07\/icon-place.png&#8221; icon_placement=&#8221;left&#8221; _builder_version=&#8221;4.16&#8243; header_font_size=&#8221;24&#8243; header_line_height=&#8221;1.5em&#8221; global_colors_info=&#8221;{}&#8221;]Pol. Pl\u00e0 de l\u2019Estaci\u00f3, c\/ Vilanova, 2<br \/>\n08730 Santa Margarida i els Monjos<br \/>\nBarcelona<br \/>\n[\/et_pb_blurb][et_pb_button button_url=&#8221;#mapa&#8221; button_text=&#8221;View map&#8221; _builder_version=&#8221;4.16&#8243; custom_button=&#8221;on&#8221; button_text_size=&#8221;17px&#8221; button_text_color=&#8221;#e02b20&#8243; custom_margin=&#8221;-21px|||44px|false|false&#8221; custom_padding=&#8221;|12px||13px||&#8221; locked=&#8221;off&#8221; global_colors_info=&#8221;{}&#8221;][\/et_pb_button][et_pb_blurb image=&#8221;https:\/\/hillbo.com\/wp-content\/uploads\/2019\/07\/icon-tel.png&#8221; icon_placement=&#8221;left&#8221; _builder_version=&#8221;4.16&#8243; header_font_size=&#8221;24&#8243; header_line_height=&#8221;1.5em&#8221; global_colors_info=&#8221;{}&#8221;]Tel. (+34) 938 980 730<br \/>\nFax. (+34) 938 980 846<br \/>\n[\/et_pb_blurb][et_pb_blurb image=&#8221;https:\/\/hillbo.com\/wp-content\/uploads\/2019\/10\/icon-mail.png&#8221; icon_placement=&#8221;left&#8221; _builder_version=&#8221;4.16&#8243; header_font_size=&#8221;24&#8243; header_line_height=&#8221;1.5em&#8221; global_colors_info=&#8221;{}&#8221;]chocolates@hillbo.com<br \/>\n[\/et_pb_blurb][et_pb_social_media_follow icon_color=&#8221;#ffffff&#8221; use_icon_font_size=&#8221;on&#8221; icon_font_size=&#8221;25px&#8221; _builder_version=&#8221;4.16&#8243; locked=&#8221;off&#8221; global_colors_info=&#8221;{}&#8221;][et_pb_social_media_follow_network social_network=&#8221;facebook&#8221; url=&#8221;https:\/\/www.facebook.com\/HillboChocolate&#8221; _builder_version=&#8221;4.16&#8243; background_color=&#8221;#3b5998&#8243; global_colors_info=&#8221;{}&#8221; follow_button=&#8221;off&#8221; url_new_window=&#8221;on&#8221;]facebook[\/et_pb_social_media_follow_network][et_pb_social_media_follow_network social_network=&#8221;pinterest&#8221; url=&#8221;https:\/\/pin.it\/3gkVMrh&#8221; _builder_version=&#8221;4.16&#8243; background_color=&#8221;#cb2027&#8243; global_colors_info=&#8221;{}&#8221; follow_button=&#8221;off&#8221; url_new_window=&#8221;on&#8221;]pinterest[\/et_pb_social_media_follow_network][et_pb_social_media_follow_network social_network=&#8221;instagram&#8221; url=&#8221;https:\/\/www.instagram.com\/chocohillbo\/&#8221; _builder_version=&#8221;4.16&#8243; background_color=&#8221;#ea2c59&#8243; global_colors_info=&#8221;{}&#8221; follow_button=&#8221;off&#8221; url_new_window=&#8221;on&#8221;]instagram[\/et_pb_social_media_follow_network][et_pb_social_media_follow_network social_network=&#8221;linkedin&#8221; url=&#8221;https:\/\/www.linkedin.com\/company\/productos-hillbo\/&#8221; _builder_version=&#8221;4.16&#8243; background_color=&#8221;#007bb6&#8243; global_colors_info=&#8221;{}&#8221; follow_button=&#8221;off&#8221; url_new_window=&#8221;on&#8221;]linkedin[\/et_pb_social_media_follow_network][\/et_pb_social_media_follow][\/et_pb_column][et_pb_column type=&#8221;2_3&#8243; _builder_version=&#8221;4.16&#8243; custom_padding=&#8221;|||&#8221; custom_css_main_element=&#8221;background-color:#eee5d5;||padding: 50px;&#8221; global_colors_info=&#8221;{}&#8221; custom_padding__hover=&#8221;|||&#8221;][et_pb_text _builder_version=&#8221;4.16&#8243; global_colors_info=&#8221;{}&#8221;]<\/p>\n<h2>WRITE US.<\/h2>\n<p>Please let us know if you have any doubts, comments or if you need further information.<br \/>\n[\/et_pb_text][et_pb_code _builder_version=&#8221;4.21.0&#8243; hover_enabled=&#8221;0&#8243; global_colors_info=&#8221;{}&#8221; sticky_enabled=&#8221;0&#8243;]\n<div class=\"wpcf7 no-js\" id=\"wpcf7-f360-o1\" lang=\"es-ES\" dir=\"ltr\" data-wpcf7-id=\"360\">\n<div class=\"screen-reader-response\"><p role=\"status\" aria-live=\"polite\" aria-atomic=\"true\"><\/p> <ul><\/ul><\/div>\n<form action=\"\/en\/wp-json\/wp\/v2\/pages\/1896#wpcf7-f360-o1\" method=\"post\" class=\"wpcf7-form init\" aria-label=\"Formulario de contacto\" novalidate=\"novalidate\" data-status=\"init\">\n<fieldset class=\"hidden-fields-container\"><input type=\"hidden\" name=\"_wpcf7\" value=\"360\" \/><input type=\"hidden\" name=\"_wpcf7_version\" value=\"6.1.5\" \/><input type=\"hidden\" name=\"_wpcf7_locale\" value=\"es_ES\" \/><input type=\"hidden\" name=\"_wpcf7_unit_tag\" value=\"wpcf7-f360-o1\" \/><input type=\"hidden\" name=\"_wpcf7_container_post\" value=\"0\" \/><input type=\"hidden\" name=\"_wpcf7_posted_data_hash\" value=\"\" \/>\n<\/fieldset>\n<p><label><br \/>\n<span class=\"wpcf7-form-control-wrap\" data-name=\"your-name\"><input size=\"40\" maxlength=\"400\" class=\"wpcf7-form-control wpcf7-text wpcf7-validates-as-required\" aria-required=\"true\" aria-invalid=\"false\" placeholder=\"Name\" value=\"\" type=\"text\" name=\"your-name\" \/><\/span> <\/label>\n<\/p>\n<p><label><br \/>\n<span class=\"wpcf7-form-control-wrap\" data-name=\"your-email\"><input size=\"40\" maxlength=\"400\" class=\"wpcf7-form-control wpcf7-email wpcf7-validates-as-required wpcf7-text wpcf7-validates-as-email\" aria-required=\"true\" aria-invalid=\"false\" placeholder=\"Email\" value=\"\" type=\"email\" name=\"your-email\" \/><\/span> <\/label>\n<\/p>\n<p><label><br \/>\n<span class=\"wpcf7-form-control-wrap\" data-name=\"your-message\"><textarea cols=\"40\" rows=\"10\" maxlength=\"2000\" class=\"wpcf7-form-control wpcf7-textarea\" aria-invalid=\"false\" placeholder=\"Message\" name=\"your-message\"><\/textarea><\/span> <\/label>\n<\/p>\n<p><label><br \/>\n<span class=\"wpcf7-form-control-wrap\" data-name=\"acceptance-558\"><span class=\"wpcf7-form-control wpcf7-acceptance\"><span class=\"wpcf7-list-item\"><label><input type=\"checkbox\" name=\"acceptance-558\" value=\"1\" aria-invalid=\"false\" \/><span class=\"wpcf7-list-item-label\">Accept <a href=\"http:\/\/hillbo.com\/en\/privacy-policy\/\" target=\"_blank\">policy privacy<\/a><\/span><\/label><\/span><\/span><\/span><\/label>\n<\/p>\n<div class=\"hillbo-consentimiento\">\n\t<p>CONSENT FOR PROCESSING PERSONAL DATA<br \/>\nPRODUCTOS HILLBO S.L is the Controller of the User\u2019s personal data and informs him\/her that these data shall be processed in accordance with the provisions of Regulation (EU) 2016\/679 of 27 April (GDPR) and the Organic Law 3\/2018 of 5 December (LOPDGDD), providing the following information on the processing: Purposes and legitimisation of the processing: maintaining a commercial relationship (in the legitimate interest of the Controller, art. 6.1.f GDPR) and sending communications concerning products or services (with the consent of the Data Subject, art. 6.1.a GDPR). Data storage criteria: data shall be stored for no longer than is necessary to maintain the purpose of the processing or for as long as there are legal prescriptions dictating their custody, and when such purpose is no longer necessary the data shall be erased with appropriate security measures to ensure the anonymization of the data or their complete destruction. Communication of data: data will not be disclosed to third parties, unless legally obliged to do so. Rights of the user: right to withdraw consent at any time. Right of access, rectification, portability and erasure of your data and the limitation or objection to their processing. Right to file a claim with the Spanish Supervisory Authority (www.aepd.es) if you consider that the processing does not comply with the current legislation. Contact information to exercise their rights: info@hillbo.com.\n\t<\/p>\n<\/div>\n<p><input class=\"wpcf7-form-control wpcf7-submit has-spinner\" type=\"submit\" value=\"Send\" \/>\n<\/p>\n<div class=\"hillbo-desist\">\n\t<p>You only have to fill out and send <a target=\"_blank\" href=\"http:\/\/hillbo.com\/wp-content\/uploads\/2019\/12\/PRODUCTOS_HILLBO_SL_E-COMMERCE_Cancellation_request_form_ENG.pdf\">this form<\/a> if you wish to withdraw the contract for the sale of products or for the provision of services\n\t<\/p>\n<\/div><div class=\"wpcf7-response-output\" aria-hidden=\"true\"><\/div>\n<\/form>\n<\/div>\n[\/et_pb_code][\/et_pb_column][\/et_pb_row][\/et_pb_section][et_pb_section fb_built=&#8221;1&#8243; fullwidth=&#8221;on&#8221; _builder_version=&#8221;4.16&#8243; global_colors_info=&#8221;{}&#8221;][et_pb_fullwidth_map address=&#8221;Santa Margarita y Monj\u00f3s, Barcelona, Espa\u00f1a&#8221; zoom_level=&#8221;13&#8243; address_lat=&#8221;41.316646053290576&#8243; address_lng=&#8221;1.651366678759814&#8243; mouse_wheel=&#8221;off&#8221; _builder_version=&#8221;4.16&#8243; global_colors_info=&#8221;{}&#8221;][et_pb_map_pin title=&#8221;Productos Hillbo, S.L&#8221; pin_address=&#8221;Pol. Pl\u00e0 de l&#8217;Estaci\u00f3, c\/Vilanova, 2, 08730, Barcelona, Espa\u00f1a&#8221; pin_address_lat=&#8221;41.3144466&#8243; pin_address_lng=&#8221;1.65336149999996&#8243; _builder_version=&#8221;3.0.106&#8243; global_colors_info=&#8221;{}&#8221;][\/et_pb_map_pin][\/et_pb_fullwidth_map][\/et_pb_section]<\/p>\n","protected":false},"excerpt":{"rendered":"<p>Pol. Pl\u00e0 de l\u2019Estaci\u00f3, c\/ Vilanova, 2 08730 Santa Margarida i els Monjos Barcelona Tel. (+34) 938 980 730 Fax. (+34) 938 980 846 chocolates@hillbo.com WRITE US. Please let us know if you have any doubts, comments or if you need further information. \n<div class=\"wpcf7 no-js\" id=\"wpcf7-f360-o2\" lang=\"es-ES\" dir=\"ltr\" data-wpcf7-id=\"360\">\n<div class=\"screen-reader-response\"><p role=\"status\" aria-live=\"polite\" aria-atomic=\"true\"><\/p> <ul><\/ul><\/div>\n<form action=\"\/en\/wp-json\/wp\/v2\/pages\/1896#wpcf7-f360-o2\" method=\"post\" class=\"wpcf7-form init\" aria-label=\"Formulario de contacto\" novalidate=\"novalidate\" data-status=\"init\">\n<fieldset class=\"hidden-fields-container\"><input type=\"hidden\" name=\"_wpcf7\" value=\"360\" \/><input type=\"hidden\" name=\"_wpcf7_version\" value=\"6.1.5\" \/><input type=\"hidden\" name=\"_wpcf7_locale\" value=\"es_ES\" \/><input type=\"hidden\" name=\"_wpcf7_unit_tag\" value=\"wpcf7-f360-o2\" \/><input type=\"hidden\" name=\"_wpcf7_container_post\" value=\"0\" \/><input type=\"hidden\" name=\"_wpcf7_posted_data_hash\" value=\"\" \/>\n<\/fieldset>\n<p><label><br \/>\n<span class=\"wpcf7-form-control-wrap\" data-name=\"your-name\"><input size=\"40\" maxlength=\"400\" class=\"wpcf7-form-control wpcf7-text wpcf7-validates-as-required\" aria-required=\"true\" aria-invalid=\"false\" placeholder=\"Name\" value=\"\" type=\"text\" name=\"your-name\" \/><\/span> <\/label>\n<\/p>\n<p><label><br \/>\n<span class=\"wpcf7-form-control-wrap\" data-name=\"your-email\"><input size=\"40\" maxlength=\"400\" class=\"wpcf7-form-control wpcf7-email wpcf7-validates-as-required wpcf7-text wpcf7-validates-as-email\" aria-required=\"true\" aria-invalid=\"false\" placeholder=\"Email\" value=\"\" type=\"email\" name=\"your-email\" \/><\/span> <\/label>\n<\/p>\n<p><label><br \/>\n<span class=\"wpcf7-form-control-wrap\" data-name=\"your-message\"><textarea cols=\"40\" rows=\"10\" maxlength=\"2000\" class=\"wpcf7-form-control wpcf7-textarea\" aria-invalid=\"false\" placeholder=\"Message\" name=\"your-message\"><\/textarea><\/span> <\/label>\n<\/p>\n<p><label><br \/>\n<span class=\"wpcf7-form-control-wrap\" data-name=\"acceptance-558\"><span class=\"wpcf7-form-control wpcf7-acceptance\"><span class=\"wpcf7-list-item\"><label><input type=\"checkbox\" name=\"acceptance-558\" value=\"1\" aria-invalid=\"false\" \/><span class=\"wpcf7-list-item-label\">Accept <a href=\"http:\/\/hillbo.com\/en\/privacy-policy\/\" target=\"_blank\">policy privacy<\/a><\/span><\/label><\/span><\/span><\/span><\/label>\n<\/p>\n<div class=\"hillbo-consentimiento\">\n\t<p>CONSENT FOR PROCESSING PERSONAL DATA<br \/>\nPRODUCTOS HILLBO S.L is the Controller of the User\u2019s personal data and informs him\/her that these data shall be processed in accordance with the provisions of Regulation (EU) 2016\/679 of 27 April (GDPR) and the Organic Law 3\/2018 of 5 December (LOPDGDD), providing the following information on the processing: Purposes and legitimisation of the processing: maintaining a commercial relationship (in the legitimate interest of the Controller, art. 6.1.f GDPR) and sending communications concerning products or services (with the consent of the Data Subject, art. 6.1.a GDPR). Data storage criteria: data shall be stored for no longer than is necessary to maintain the purpose of the processing or for as long as there are legal prescriptions dictating their custody, and when such purpose is no longer necessary the data shall be erased with appropriate security measures to ensure the anonymization of the data or their complete destruction. Communication of data: data will not be disclosed to third parties, unless legally obliged to do so. Rights of the user: right to withdraw consent at any time. Right of access, rectification, portability and erasure of your data and the limitation or objection to their processing. Right to file a claim with the Spanish Supervisory Authority (www.aepd.es) if you consider that the processing does not comply with the current legislation. Contact information to exercise their rights: info@hillbo.com.\n\t<\/p>\n<\/div>\n<p><input class=\"wpcf7-form-control wpcf7-submit has-spinner\" type=\"submit\" value=\"Send\" \/>\n<\/p>\n<div class=\"hillbo-desist\">\n\t<p>You only have to fill out and send <a target=\"_blank\" href=\"http:\/\/hillbo.com\/wp-content\/uploads\/2019\/12\/PRODUCTOS_HILLBO_SL_E-COMMERCE_Cancellation_request_form_ENG.pdf\">this form<\/a> if you wish to withdraw the contract for the sale of products or for the provision of services\n\t<\/p>\n<\/div><div class=\"wpcf7-response-output\" aria-hidden=\"true\"><\/div>\n<\/form>\n<\/div>\n<\/p>\n","protected":false},"author":4,"featured_media":0,"parent":0,"menu_order":0,"comment_status":"closed","ping_status":"closed","template":"","meta":{"_et_pb_use_builder":"on","_et_pb_old_content":"","_et_gb_content_width":"","footnotes":""},"class_list":["post-1896","page","type-page","status-publish","hentry"],"yoast_head":"<!-- This site is optimized with the Yoast SEO plugin v26.8 - https:\/\/yoast.com\/product\/yoast-seo-wordpress\/ -->\n<title>Contact - Hillbo<\/title>\n<meta name=\"robots\" content=\"index, follow, max-snippet:-1, max-image-preview:large, max-video-preview:-1\" \/>\n<link rel=\"canonical\" href=\"https:\/\/hillbo.com\/es\/contacto\/\" \/>\n<meta property=\"og:locale\" content=\"en_US\" \/>\n<meta property=\"og:type\" content=\"article\" \/>\n<meta property=\"og:title\" content=\"Contact - Hillbo\" \/>\n<meta property=\"og:description\" content=\"Pol. Pl\u00e0 de l\u2019Estaci\u00f3, c\/ Vilanova, 2 08730 Santa Margarida i els Monjos Barcelona Tel. (+34) 938 980 730 Fax. (+34) 938 980 846 chocolates@hillbo.com WRITE US. Please let us know if you have any doubts, comments or if you need further information.\" \/>\n<meta property=\"og:url\" content=\"https:\/\/hillbo.com\/es\/contacto\/\" \/>\n<meta property=\"og:site_name\" content=\"Hillbo\" \/>\n<meta property=\"article:modified_time\" content=\"2023-10-19T06:25:10+00:00\" \/>\n<meta name=\"twitter:card\" content=\"summary_large_image\" \/>\n<meta name=\"twitter:label1\" content=\"Est. reading time\" \/>\n\t<meta name=\"twitter:data1\" content=\"3 minutes\" \/>\n<script type=\"application\/ld+json\" class=\"yoast-schema-graph\">{\"@context\":\"https:\/\/schema.org\",\"@graph\":[{\"@type\":\"WebPage\",\"@id\":\"https:\/\/hillbo.com\/es\/contacto\/\",\"url\":\"https:\/\/hillbo.com\/es\/contacto\/\",\"name\":\"Contact - Hillbo\",\"isPartOf\":{\"@id\":\"https:\/\/hillbo.com\/es\/#website\"},\"datePublished\":\"2018-04-09T16:32:36+00:00\",\"dateModified\":\"2023-10-19T06:25:10+00:00\",\"breadcrumb\":{\"@id\":\"https:\/\/hillbo.com\/es\/contacto\/#breadcrumb\"},\"inLanguage\":\"en-US\",\"potentialAction\":[{\"@type\":\"ReadAction\",\"target\":[\"https:\/\/hillbo.com\/es\/contacto\/\"]}]},{\"@type\":\"BreadcrumbList\",\"@id\":\"https:\/\/hillbo.com\/es\/contacto\/#breadcrumb\",\"itemListElement\":[{\"@type\":\"ListItem\",\"position\":1,\"name\":\"Portada\",\"item\":\"https:\/\/hillbo.com\/en\/\"},{\"@type\":\"ListItem\",\"position\":2,\"name\":\"Contact\"}]},{\"@type\":\"WebSite\",\"@id\":\"https:\/\/hillbo.com\/es\/#website\",\"url\":\"https:\/\/hillbo.com\/es\/\",\"name\":\"Hillbo\",\"description\":\"Empresa l\u00edder en la fabricaci\u00f3n de productos de decoraci\u00f3n en chocolate, tanto a nivel nacional como internacional\",\"publisher\":{\"@id\":\"https:\/\/hillbo.com\/es\/#organization\"},\"potentialAction\":[{\"@type\":\"SearchAction\",\"target\":{\"@type\":\"EntryPoint\",\"urlTemplate\":\"https:\/\/hillbo.com\/es\/?s={search_term_string}\"},\"query-input\":{\"@type\":\"PropertyValueSpecification\",\"valueRequired\":true,\"valueName\":\"search_term_string\"}}],\"inLanguage\":\"en-US\"},{\"@type\":\"Organization\",\"@id\":\"https:\/\/hillbo.com\/es\/#organization\",\"name\":\"Hillbo\",\"url\":\"https:\/\/hillbo.com\/es\/\",\"logo\":{\"@type\":\"ImageObject\",\"inLanguage\":\"en-US\",\"@id\":\"https:\/\/hillbo.com\/es\/#\/schema\/logo\/image\/\",\"url\":\"https:\/\/hillbo.com\/wp-content\/uploads\/2021\/09\/LogoHillbo4T.png\",\"contentUrl\":\"https:\/\/hillbo.com\/wp-content\/uploads\/2021\/09\/LogoHillbo4T.png\",\"width\":3392,\"height\":1875,\"caption\":\"Hillbo\"},\"image\":{\"@id\":\"https:\/\/hillbo.com\/es\/#\/schema\/logo\/image\/\"}}]}<\/script>\n<!-- \/ Yoast SEO plugin. -->","yoast_head_json":{"title":"Contact - Hillbo","robots":{"index":"index","follow":"follow","max-snippet":"max-snippet:-1","max-image-preview":"max-image-preview:large","max-video-preview":"max-video-preview:-1"},"canonical":"https:\/\/hillbo.com\/es\/contacto\/","og_locale":"en_US","og_type":"article","og_title":"Contact - Hillbo","og_description":"Pol. Pl\u00e0 de l\u2019Estaci\u00f3, c\/ Vilanova, 2 08730 Santa Margarida i els Monjos Barcelona Tel. (+34) 938 980 730 Fax. (+34) 938 980 846 chocolates@hillbo.com WRITE US. Please let us know if you have any doubts, comments or if you need further information.","og_url":"https:\/\/hillbo.com\/es\/contacto\/","og_site_name":"Hillbo","article_modified_time":"2023-10-19T06:25:10+00:00","twitter_card":"summary_large_image","twitter_misc":{"Est. reading time":"3 minutes"},"schema":{"@context":"https:\/\/schema.org","@graph":[{"@type":"WebPage","@id":"https:\/\/hillbo.com\/es\/contacto\/","url":"https:\/\/hillbo.com\/es\/contacto\/","name":"Contact - Hillbo","isPartOf":{"@id":"https:\/\/hillbo.com\/es\/#website"},"datePublished":"2018-04-09T16:32:36+00:00","dateModified":"2023-10-19T06:25:10+00:00","breadcrumb":{"@id":"https:\/\/hillbo.com\/es\/contacto\/#breadcrumb"},"inLanguage":"en-US","potentialAction":[{"@type":"ReadAction","target":["https:\/\/hillbo.com\/es\/contacto\/"]}]},{"@type":"BreadcrumbList","@id":"https:\/\/hillbo.com\/es\/contacto\/#breadcrumb","itemListElement":[{"@type":"ListItem","position":1,"name":"Portada","item":"https:\/\/hillbo.com\/en\/"},{"@type":"ListItem","position":2,"name":"Contact"}]},{"@type":"WebSite","@id":"https:\/\/hillbo.com\/es\/#website","url":"https:\/\/hillbo.com\/es\/","name":"Hillbo","description":"Empresa l\u00edder en la fabricaci\u00f3n de productos de decoraci\u00f3n en chocolate, tanto a nivel nacional como internacional","publisher":{"@id":"https:\/\/hillbo.com\/es\/#organization"},"potentialAction":[{"@type":"SearchAction","target":{"@type":"EntryPoint","urlTemplate":"https:\/\/hillbo.com\/es\/?s={search_term_string}"},"query-input":{"@type":"PropertyValueSpecification","valueRequired":true,"valueName":"search_term_string"}}],"inLanguage":"en-US"},{"@type":"Organization","@id":"https:\/\/hillbo.com\/es\/#organization","name":"Hillbo","url":"https:\/\/hillbo.com\/es\/","logo":{"@type":"ImageObject","inLanguage":"en-US","@id":"https:\/\/hillbo.com\/es\/#\/schema\/logo\/image\/","url":"https:\/\/hillbo.com\/wp-content\/uploads\/2021\/09\/LogoHillbo4T.png","contentUrl":"https:\/\/hillbo.com\/wp-content\/uploads\/2021\/09\/LogoHillbo4T.png","width":3392,"height":1875,"caption":"Hillbo"},"image":{"@id":"https:\/\/hillbo.com\/es\/#\/schema\/logo\/image\/"}}]}},"_links":{"self":[{"href":"https:\/\/hillbo.com\/en\/wp-json\/wp\/v2\/pages\/1896","targetHints":{"allow":["GET"]}}],"collection":[{"href":"https:\/\/hillbo.com\/en\/wp-json\/wp\/v2\/pages"}],"about":[{"href":"https:\/\/hillbo.com\/en\/wp-json\/wp\/v2\/types\/page"}],"author":[{"embeddable":true,"href":"https:\/\/hillbo.com\/en\/wp-json\/wp\/v2\/users\/4"}],"replies":[{"embeddable":true,"href":"https:\/\/hillbo.com\/en\/wp-json\/wp\/v2\/comments?post=1896"}],"version-history":[{"count":10,"href":"https:\/\/hillbo.com\/en\/wp-json\/wp\/v2\/pages\/1896\/revisions"}],"predecessor-version":[{"id":10283,"href":"https:\/\/hillbo.com\/en\/wp-json\/wp\/v2\/pages\/1896\/revisions\/10283"}],"wp:attachment":[{"href":"https:\/\/hillbo.com\/en\/wp-json\/wp\/v2\/media?parent=1896"}],"curies":[{"name":"wp","href":"https:\/\/api.w.org\/{rel}","templated":true}]}}