{"id":2187,"date":"2019-12-09T11:31:43","date_gmt":"2019-12-09T11:31:43","guid":{"rendered":"http:\/\/hillbo.com\/store\/login\/"},"modified":"2021-10-20T08:33:48","modified_gmt":"2021-10-20T08:33:48","slug":"login","status":"publish","type":"page","link":"https:\/\/hillbo.com\/en\/store\/login\/","title":{"rendered":"Login"},"content":{"rendered":"<p>[et_pb_section fb_built=&#8221;1&#8243; _builder_version=&#8221;3.22&#8243;][et_pb_row _builder_version=&#8221;3.25&#8243; background_size=&#8221;initial&#8221; background_position=&#8221;top_left&#8221; background_repeat=&#8221;repeat&#8221;][et_pb_column type=&#8221;4_4&#8243; _builder_version=&#8221;3.25&#8243; custom_padding=&#8221;|||&#8221; custom_padding__hover=&#8221;|||&#8221;][et_pb_code]<div class=\"\" style=\"margin-bottom: 36px;\"><div class=\"et_pb_text et_pb_module et_pb_bg_layout_light et_pb_text_align_left  et_pb_text_0\"><div class=\"et_pb_text_inner hillbo-titular-cat \"><h2 class=\"\">Log in<\/h2><\/div><\/div><\/div><div><form action=\"\" method=\"post\" class=\"wpcf7-form\" >\n            <p><span class=\"wpcf7-form-control-wrap your-name\">\n              <input autocomplete=\"off\" type=\"text\" name=\"cif\" id=\"cif\"  value=\"\" size=\"40\" class=\"wpcf7-form-control wpcf7-text wpcf7-validates-as-required\" aria-required=\"true\" aria-invalid=\"false\" placeholder=\"User\">\n            <\/span><\/p>\n            <p><span class=\"wpcf7-form-control-wrap your-name\">\n              <input autocomplete=\"off\" type=\"password\" name=\"password\" id=\"password\"  value=\"\" size=\"40\" class=\"wpcf7-form-control wpcf7-text wpcf7-validates-as-required\" aria-required=\"true\" aria-invalid=\"false\" placeholder=\"Password\">\n              <i class=\"far fa-eye\" id=\"eyepass\" onClick=\"togglePassword()\"><\/i>\n            <\/span><\/p>\n            <input type=\"submit\" value=\"Login\" class=\"wpcf7-form-control wpcf7-submit\">\n  \n          <span class=\"ajax-loader\"><\/span>\n          <\/form><\/div>[\/et_pb_code][et_pb_text _builder_version=&#8221;4.4.3&#8243; hover_enabled=&#8221;0&#8243;]<\/p>\n<p><a href=\"\/en\/reset-password\">Forgot your password?<\/a><\/p>\n<p>[\/et_pb_text][\/et_pb_column][\/et_pb_row][\/et_pb_section]<\/p>\n","protected":false},"excerpt":{"rendered":"<p><div class=\"\" style=\"margin-bottom: 36px;\"><div class=\"et_pb_text et_pb_module et_pb_bg_layout_light et_pb_text_align_left  et_pb_text_0\"><div class=\"et_pb_text_inner hillbo-titular-cat \"><h2 class=\"\">Log in<\/h2><\/div><\/div><\/div><div><form action=\"\" method=\"post\" class=\"wpcf7-form\" >\n            <p><span class=\"wpcf7-form-control-wrap your-name\">\n              <input autocomplete=\"off\" type=\"text\" name=\"cif\" id=\"cif\"  value=\"\" size=\"40\" class=\"wpcf7-form-control wpcf7-text wpcf7-validates-as-required\" aria-required=\"true\" aria-invalid=\"false\" placeholder=\"User\">\n            <\/span><\/p>\n            <p><span class=\"wpcf7-form-control-wrap your-name\">\n              <input autocomplete=\"off\" type=\"password\" name=\"password\" id=\"password\"  value=\"\" size=\"40\" class=\"wpcf7-form-control wpcf7-text wpcf7-validates-as-required\" aria-required=\"true\" aria-invalid=\"false\" placeholder=\"Password\">\n              <i class=\"far fa-eye\" id=\"eyepass\" onClick=\"togglePassword()\"><\/i>\n            <\/span><\/p>\n            <input type=\"submit\" value=\"Login\" class=\"wpcf7-form-control wpcf7-submit\">\n  \n          <span class=\"ajax-loader\"><\/span>\n          <\/form><\/div>Forgot your password?<\/p>\n","protected":false},"author":4,"featured_media":0,"parent":2170,"menu_order":0,"comment_status":"closed","ping_status":"closed","template":"","meta":{"_et_pb_use_builder":"on","_et_pb_old_content":"","_et_gb_content_width":"","footnotes":""},"class_list":["post-2187","page","type-page","status-publish","hentry"],"yoast_head":"<!-- This site is optimized with the Yoast SEO plugin v26.8 - https:\/\/yoast.com\/product\/yoast-seo-wordpress\/ -->\n<title>Login - Hillbo<\/title>\n<meta name=\"robots\" content=\"index, follow, max-snippet:-1, max-image-preview:large, max-video-preview:-1\" \/>\n<link rel=\"canonical\" href=\"https:\/\/hillbo.com\/es\/productos\/login\/\" \/>\n<meta property=\"og:locale\" content=\"en_US\" \/>\n<meta property=\"og:type\" content=\"article\" \/>\n<meta property=\"og:title\" content=\"Login - Hillbo\" \/>\n<meta property=\"og:description\" content=\"Forgot your password?\" \/>\n<meta property=\"og:url\" content=\"https:\/\/hillbo.com\/es\/productos\/login\/\" \/>\n<meta property=\"og:site_name\" content=\"Hillbo\" \/>\n<meta property=\"article:modified_time\" content=\"2021-10-20T08:33:48+00:00\" \/>\n<meta name=\"twitter:card\" content=\"summary_large_image\" \/>\n<script type=\"application\/ld+json\" class=\"yoast-schema-graph\">{\"@context\":\"https:\/\/schema.org\",\"@graph\":[{\"@type\":\"WebPage\",\"@id\":\"https:\/\/hillbo.com\/es\/productos\/login\/\",\"url\":\"https:\/\/hillbo.com\/es\/productos\/login\/\",\"name\":\"Login - Hillbo\",\"isPartOf\":{\"@id\":\"https:\/\/hillbo.com\/es\/#website\"},\"datePublished\":\"2019-12-09T11:31:43+00:00\",\"dateModified\":\"2021-10-20T08:33:48+00:00\",\"breadcrumb\":{\"@id\":\"https:\/\/hillbo.com\/es\/productos\/login\/#breadcrumb\"},\"inLanguage\":\"en-US\",\"potentialAction\":[{\"@type\":\"ReadAction\",\"target\":[\"https:\/\/hillbo.com\/es\/productos\/login\/\"]}]},{\"@type\":\"BreadcrumbList\",\"@id\":\"https:\/\/hillbo.com\/es\/productos\/login\/#breadcrumb\",\"itemListElement\":[{\"@type\":\"ListItem\",\"position\":1,\"name\":\"Portada\",\"item\":\"https:\/\/hillbo.com\/en\/\"},{\"@type\":\"ListItem\",\"position\":2,\"name\":\"Store\",\"item\":\"https:\/\/hillbo.com\/en\/store\/\"},{\"@type\":\"ListItem\",\"position\":3,\"name\":\"Login\"}]},{\"@type\":\"WebSite\",\"@id\":\"https:\/\/hillbo.com\/es\/#website\",\"url\":\"https:\/\/hillbo.com\/es\/\",\"name\":\"Hillbo\",\"description\":\"Empresa l\u00edder en la fabricaci\u00f3n de productos de decoraci\u00f3n en chocolate, tanto a nivel nacional como internacional\",\"publisher\":{\"@id\":\"https:\/\/hillbo.com\/es\/#organization\"},\"potentialAction\":[{\"@type\":\"SearchAction\",\"target\":{\"@type\":\"EntryPoint\",\"urlTemplate\":\"https:\/\/hillbo.com\/es\/?s={search_term_string}\"},\"query-input\":{\"@type\":\"PropertyValueSpecification\",\"valueRequired\":true,\"valueName\":\"search_term_string\"}}],\"inLanguage\":\"en-US\"},{\"@type\":\"Organization\",\"@id\":\"https:\/\/hillbo.com\/es\/#organization\",\"name\":\"Hillbo\",\"url\":\"https:\/\/hillbo.com\/es\/\",\"logo\":{\"@type\":\"ImageObject\",\"inLanguage\":\"en-US\",\"@id\":\"https:\/\/hillbo.com\/es\/#\/schema\/logo\/image\/\",\"url\":\"https:\/\/hillbo.com\/wp-content\/uploads\/2021\/09\/LogoHillbo4T.png\",\"contentUrl\":\"https:\/\/hillbo.com\/wp-content\/uploads\/2021\/09\/LogoHillbo4T.png\",\"width\":3392,\"height\":1875,\"caption\":\"Hillbo\"},\"image\":{\"@id\":\"https:\/\/hillbo.com\/es\/#\/schema\/logo\/image\/\"}}]}<\/script>\n<!-- \/ Yoast SEO plugin. -->","yoast_head_json":{"title":"Login - Hillbo","robots":{"index":"index","follow":"follow","max-snippet":"max-snippet:-1","max-image-preview":"max-image-preview:large","max-video-preview":"max-video-preview:-1"},"canonical":"https:\/\/hillbo.com\/es\/productos\/login\/","og_locale":"en_US","og_type":"article","og_title":"Login - Hillbo","og_description":"Forgot your password?","og_url":"https:\/\/hillbo.com\/es\/productos\/login\/","og_site_name":"Hillbo","article_modified_time":"2021-10-20T08:33:48+00:00","twitter_card":"summary_large_image","schema":{"@context":"https:\/\/schema.org","@graph":[{"@type":"WebPage","@id":"https:\/\/hillbo.com\/es\/productos\/login\/","url":"https:\/\/hillbo.com\/es\/productos\/login\/","name":"Login - Hillbo","isPartOf":{"@id":"https:\/\/hillbo.com\/es\/#website"},"datePublished":"2019-12-09T11:31:43+00:00","dateModified":"2021-10-20T08:33:48+00:00","breadcrumb":{"@id":"https:\/\/hillbo.com\/es\/productos\/login\/#breadcrumb"},"inLanguage":"en-US","potentialAction":[{"@type":"ReadAction","target":["https:\/\/hillbo.com\/es\/productos\/login\/"]}]},{"@type":"BreadcrumbList","@id":"https:\/\/hillbo.com\/es\/productos\/login\/#breadcrumb","itemListElement":[{"@type":"ListItem","position":1,"name":"Portada","item":"https:\/\/hillbo.com\/en\/"},{"@type":"ListItem","position":2,"name":"Store","item":"https:\/\/hillbo.com\/en\/store\/"},{"@type":"ListItem","position":3,"name":"Login"}]},{"@type":"WebSite","@id":"https:\/\/hillbo.com\/es\/#website","url":"https:\/\/hillbo.com\/es\/","name":"Hillbo","description":"Empresa l\u00edder en la fabricaci\u00f3n de productos de decoraci\u00f3n en chocolate, tanto a nivel nacional como internacional","publisher":{"@id":"https:\/\/hillbo.com\/es\/#organization"},"potentialAction":[{"@type":"SearchAction","target":{"@type":"EntryPoint","urlTemplate":"https:\/\/hillbo.com\/es\/?s={search_term_string}"},"query-input":{"@type":"PropertyValueSpecification","valueRequired":true,"valueName":"search_term_string"}}],"inLanguage":"en-US"},{"@type":"Organization","@id":"https:\/\/hillbo.com\/es\/#organization","name":"Hillbo","url":"https:\/\/hillbo.com\/es\/","logo":{"@type":"ImageObject","inLanguage":"en-US","@id":"https:\/\/hillbo.com\/es\/#\/schema\/logo\/image\/","url":"https:\/\/hillbo.com\/wp-content\/uploads\/2021\/09\/LogoHillbo4T.png","contentUrl":"https:\/\/hillbo.com\/wp-content\/uploads\/2021\/09\/LogoHillbo4T.png","width":3392,"height":1875,"caption":"Hillbo"},"image":{"@id":"https:\/\/hillbo.com\/es\/#\/schema\/logo\/image\/"}}]}},"_links":{"self":[{"href":"https:\/\/hillbo.com\/en\/wp-json\/wp\/v2\/pages\/2187","targetHints":{"allow":["GET"]}}],"collection":[{"href":"https:\/\/hillbo.com\/en\/wp-json\/wp\/v2\/pages"}],"about":[{"href":"https:\/\/hillbo.com\/en\/wp-json\/wp\/v2\/types\/page"}],"author":[{"embeddable":true,"href":"https:\/\/hillbo.com\/en\/wp-json\/wp\/v2\/users\/4"}],"replies":[{"embeddable":true,"href":"https:\/\/hillbo.com\/en\/wp-json\/wp\/v2\/comments?post=2187"}],"version-history":[{"count":3,"href":"https:\/\/hillbo.com\/en\/wp-json\/wp\/v2\/pages\/2187\/revisions"}],"predecessor-version":[{"id":4685,"href":"https:\/\/hillbo.com\/en\/wp-json\/wp\/v2\/pages\/2187\/revisions\/4685"}],"up":[{"embeddable":true,"href":"https:\/\/hillbo.com\/en\/wp-json\/wp\/v2\/pages\/2170"}],"wp:attachment":[{"href":"https:\/\/hillbo.com\/en\/wp-json\/wp\/v2\/media?parent=2187"}],"curies":[{"name":"wp","href":"https:\/\/api.w.org\/{rel}","templated":true}]}}