{"id":4509,"date":"2021-10-01T07:21:38","date_gmt":"2021-10-01T07:21:38","guid":{"rendered":"https:\/\/hillbo.com\/?page_id=4509"},"modified":"2021-10-01T08:36:03","modified_gmt":"2021-10-01T08:36:03","slug":"mis-direcciones","status":"publish","type":"page","link":"https:\/\/hillbo.com\/es\/mis-direcciones\/","title":{"rendered":"Mis direcciones"},"content":{"rendered":"<p>[et_pb_section fb_built=\u00bb1&#8243; _builder_version=\u00bb3.22&#8243;][et_pb_row _builder_version=\u00bb3.25&#8243; background_size=\u00bbinitial\u00bb background_position=\u00bbtop_left\u00bb background_repeat=\u00bbrepeat\u00bb][et_pb_column type=\u00bb4_4&#8243; _builder_version=\u00bb3.25&#8243; custom_padding=\u00bb|||\u00bb custom_padding__hover=\u00bb|||\u00bb][et_pb_code _builder_version=\u00bb4.4.3&#8243; hover_enabled=\u00bb0&#8243;]<div class=\"et_pb_column et_pb_column_4_4  et_pb_column_0 et_pb_css_mix_blend_mode_passthrough et-last-child\"><div class=\"et_pb_text et_pb_module et_pb_bg_layout_light et_pb_text_align_left  et_pb_text_0\"><div class=\"et_pb_text_inner hillbo-breadcrumb\"><ul class=\"hillbo-list-breadcrumb\"><li class=\"hillbo-list-bc-flecha\"><\/li>\n        <a class=\"\" href=\"https:\/\/hillbo.com\/es\/productos\/\"><li>Tienda<\/li><\/a><li class=\"hillbo-list-bc-flecha\">\/<\/li>\n        <a class=\"hillbo_bc_active\" href=\"https:\/\/hillbo.com\/es\/productos\/mis-direcciones\/\"><li>Mis Direcciones<\/li><\/a><\/div><\/div><\/div>[\/et_pb_code][\/et_pb_column][\/et_pb_row][et_pb_row column_structure=\u00bb1_4,3_4&#8243; module_class=\u00bb et_pb_row_fullwidth\u00bb _builder_version=\u00bb3.25&#8243; width=\u00bb89%\u00bb width_tablet=\u00bb80%\u00bb width_phone=\u00bb\u00bb width_last_edited=\u00bbon|desktop\u00bb max_width=\u00bb89%\u00bb max_width_tablet=\u00bb80%\u00bb max_width_phone=\u00bb\u00bb max_width_last_edited=\u00bbon|desktop\u00bb make_fullwidth=\u00bbon\u00bb][et_pb_column type=\u00bb1_4&#8243; _builder_version=\u00bb3.25&#8243; custom_padding=\u00bb|||\u00bb custom_padding__hover=\u00bb|||\u00bb][et_pb_code module_class=\u00bbhillbo-tienda-lateral\u00bb _builder_version=\u00bb4.4.3&#8243; hover_enabled=\u00bb0&#8243;]<div class=\"clearfix\"><\/div><ul class=\"hillbo-micuenta\">\n        <a href=\"https:\/\/hillbo.com\/es\/productos\/mis-datos\/\"><li class=\"\"><img decoding=\"async\" src=\"\/wp-content\/plugins\/hillbo\/icons\/user.png\" class=\"hillbo-menu-icons\"><div class=\"hillbo-menu-item \">Mis Datos<\/div><\/li><\/a>\n        <a href=\"https:\/\/hillbo.com\/es\/productos\/mis-direcciones\/\"><li class=\"color-activo\"><img decoding=\"async\" src=\"\/wp-content\/plugins\/hillbo\/icons\/direcciones.png\" class=\"hillbo-menu-icons\"><div class=\"hillbo-menu-item color-activo\">Mis Direcciones<\/div><\/li><\/a>\n        <a href=\"https:\/\/hillbo.com\/es\/productos\/pedidos\/\"><li class=\"\"><img decoding=\"async\" src=\"\/wp-content\/plugins\/hillbo\/icons\/carrito.png\" class=\"hillbo-menu-icons \"><div class=\"hillbo-menu-item\">Pedidos<\/div><\/li><\/a>\n        <a href=\"https:\/\/hillbo.com\/es\/productos\/favoritos\/\"><li class=\"\"><img decoding=\"async\" src=\"\/wp-content\/plugins\/hillbo\/icons\/favoritos.png\" class=\"hillbo-menu-icons \"><div class=\"hillbo-menu-item\">Favoritos<\/div><\/li><\/a>\n        <a href=\"https:\/\/hillbo.com\/es\/productos\/login\/?out=1\"><li><img decoding=\"async\" src=\"\/wp-content\/plugins\/hillbo\/icons\/logout.png\" class=\"hillbo-menu-icons\"><div class=\"hillbo-menu-item hillbo-menu-item-last\">Cerrar sesi\u00f3n<\/div><\/li><\/a>\n        <\/ul>\n        [\/et_pb_code][\/et_pb_column][et_pb_column type=\u00bb3_4&#8243; _builder_version=\u00bb3.25&#8243; custom_padding=\u00bb|||\u00bb custom_padding__hover=\u00bb|||\u00bb][et_pb_code _builder_version=\u00bb4.4.3&#8243;][\/et_pb_code][\/et_pb_column][\/et_pb_row][\/et_pb_section]<\/p>\n","protected":false},"excerpt":{"rendered":"<p><div class=\"et_pb_column et_pb_column_4_4  et_pb_column_0 et_pb_css_mix_blend_mode_passthrough et-last-child\"><div class=\"et_pb_text et_pb_module et_pb_bg_layout_light et_pb_text_align_left  et_pb_text_0\"><div class=\"et_pb_text_inner hillbo-breadcrumb\"><ul class=\"hillbo-list-breadcrumb\"><li class=\"hillbo-list-bc-flecha\"><\/li>\n        <a class=\"\" href=\"https:\/\/hillbo.com\/es\/productos\/\"><li>Tienda<\/li><\/a><li class=\"hillbo-list-bc-flecha\">\/<\/li>\n        <a class=\"hillbo_bc_active\" href=\"https:\/\/hillbo.com\/es\/productos\/mis-direcciones\/\"><li>Mis Direcciones<\/li><\/a><\/div><\/div><\/div><div class=\"clearfix\"><\/div><ul class=\"hillbo-micuenta\">\n        <a href=\"https:\/\/hillbo.com\/es\/productos\/mis-datos\/\"><li class=\"\"><img decoding=\"async\" src=\"\/wp-content\/plugins\/hillbo\/icons\/user.png\" class=\"hillbo-menu-icons\"><div class=\"hillbo-menu-item \">Mis Datos<\/div><\/li><\/a>\n        <a href=\"https:\/\/hillbo.com\/es\/productos\/mis-direcciones\/\"><li class=\"color-activo\"><img decoding=\"async\" src=\"\/wp-content\/plugins\/hillbo\/icons\/direcciones.png\" class=\"hillbo-menu-icons\"><div class=\"hillbo-menu-item color-activo\">Mis Direcciones<\/div><\/li><\/a>\n        <a href=\"https:\/\/hillbo.com\/es\/productos\/pedidos\/\"><li class=\"\"><img decoding=\"async\" src=\"\/wp-content\/plugins\/hillbo\/icons\/carrito.png\" class=\"hillbo-menu-icons \"><div class=\"hillbo-menu-item\">Pedidos<\/div><\/li><\/a>\n        <a href=\"https:\/\/hillbo.com\/es\/productos\/favoritos\/\"><li class=\"\"><img decoding=\"async\" src=\"\/wp-content\/plugins\/hillbo\/icons\/favoritos.png\" class=\"hillbo-menu-icons \"><div class=\"hillbo-menu-item\">Favoritos<\/div><\/li><\/a>\n        <a href=\"https:\/\/hillbo.com\/es\/productos\/login\/?out=1\"><li><img decoding=\"async\" src=\"\/wp-content\/plugins\/hillbo\/icons\/logout.png\" class=\"hillbo-menu-icons\"><div class=\"hillbo-menu-item hillbo-menu-item-last\">Cerrar sesi\u00f3n<\/div><\/li><\/a>\n        <\/ul>\n        <\/p>\n","protected":false},"author":2,"featured_media":0,"parent":0,"menu_order":0,"comment_status":"closed","ping_status":"closed","template":"","meta":{"_et_pb_use_builder":"on","_et_pb_old_content":"","_et_gb_content_width":"","footnotes":""},"class_list":["post-4509","page","type-page","status-publish","hentry"],"yoast_head":"<!-- This site is optimized with the Yoast SEO plugin v26.8 - https:\/\/yoast.com\/product\/yoast-seo-wordpress\/ -->\n<title>Mis direcciones - Hillbo<\/title>\n<meta name=\"robots\" content=\"index, follow, max-snippet:-1, max-image-preview:large, max-video-preview:-1\" \/>\n<link rel=\"canonical\" href=\"https:\/\/hillbo.com\/es\/mis-direcciones\/\" \/>\n<meta property=\"og:locale\" content=\"es_ES\" \/>\n<meta property=\"og:type\" content=\"article\" \/>\n<meta property=\"og:title\" content=\"Mis direcciones - Hillbo\" \/>\n<meta property=\"og:url\" content=\"https:\/\/hillbo.com\/es\/mis-direcciones\/\" \/>\n<meta property=\"og:site_name\" content=\"Hillbo\" \/>\n<meta property=\"article:modified_time\" content=\"2021-10-01T08:36:03+00:00\" \/>\n<meta name=\"twitter:card\" content=\"summary_large_image\" \/>\n<meta name=\"twitter:description\" content=\"[hillbo modulo=&quot;breadcrumb&quot; page=&quot;direcciones&quot;][hillbo modulo=&quot;menu-cuenta&quot; page=&quot;mis-direcciones&quot;][hillbo modulo=&quot;direcciones&quot;]\" \/>\n<meta name=\"twitter:label1\" content=\"Tiempo de lectura\" \/>\n\t<meta name=\"twitter:data1\" content=\"1 minuto\" \/>\n<script type=\"application\/ld+json\" class=\"yoast-schema-graph\">{\"@context\":\"https:\/\/schema.org\",\"@graph\":[{\"@type\":\"WebPage\",\"@id\":\"https:\/\/hillbo.com\/es\/mis-direcciones\/\",\"url\":\"https:\/\/hillbo.com\/es\/mis-direcciones\/\",\"name\":\"Mis direcciones - Hillbo\",\"isPartOf\":{\"@id\":\"https:\/\/hillbo.com\/es\/#website\"},\"datePublished\":\"2021-10-01T07:21:38+00:00\",\"dateModified\":\"2021-10-01T08:36:03+00:00\",\"breadcrumb\":{\"@id\":\"https:\/\/hillbo.com\/es\/mis-direcciones\/#breadcrumb\"},\"inLanguage\":\"es\",\"potentialAction\":[{\"@type\":\"ReadAction\",\"target\":[\"https:\/\/hillbo.com\/es\/mis-direcciones\/\"]}]},{\"@type\":\"BreadcrumbList\",\"@id\":\"https:\/\/hillbo.com\/es\/mis-direcciones\/#breadcrumb\",\"itemListElement\":[{\"@type\":\"ListItem\",\"position\":1,\"name\":\"Portada\",\"item\":\"https:\/\/hillbo.com\/es\/\"},{\"@type\":\"ListItem\",\"position\":2,\"name\":\"Mis direcciones\"}]},{\"@type\":\"WebSite\",\"@id\":\"https:\/\/hillbo.com\/es\/#website\",\"url\":\"https:\/\/hillbo.com\/es\/\",\"name\":\"Hillbo\",\"description\":\"Empresa l\u00edder en la fabricaci\u00f3n de productos de decoraci\u00f3n en chocolate, tanto a nivel nacional como internacional\",\"publisher\":{\"@id\":\"https:\/\/hillbo.com\/es\/#organization\"},\"potentialAction\":[{\"@type\":\"SearchAction\",\"target\":{\"@type\":\"EntryPoint\",\"urlTemplate\":\"https:\/\/hillbo.com\/es\/?s={search_term_string}\"},\"query-input\":{\"@type\":\"PropertyValueSpecification\",\"valueRequired\":true,\"valueName\":\"search_term_string\"}}],\"inLanguage\":\"es\"},{\"@type\":\"Organization\",\"@id\":\"https:\/\/hillbo.com\/es\/#organization\",\"name\":\"Hillbo\",\"url\":\"https:\/\/hillbo.com\/es\/\",\"logo\":{\"@type\":\"ImageObject\",\"inLanguage\":\"es\",\"@id\":\"https:\/\/hillbo.com\/es\/#\/schema\/logo\/image\/\",\"url\":\"https:\/\/hillbo.com\/wp-content\/uploads\/2021\/09\/LogoHillbo4T.png\",\"contentUrl\":\"https:\/\/hillbo.com\/wp-content\/uploads\/2021\/09\/LogoHillbo4T.png\",\"width\":3392,\"height\":1875,\"caption\":\"Hillbo\"},\"image\":{\"@id\":\"https:\/\/hillbo.com\/es\/#\/schema\/logo\/image\/\"}}]}<\/script>\n<!-- \/ Yoast SEO plugin. -->","yoast_head_json":{"title":"Mis direcciones - Hillbo","robots":{"index":"index","follow":"follow","max-snippet":"max-snippet:-1","max-image-preview":"max-image-preview:large","max-video-preview":"max-video-preview:-1"},"canonical":"https:\/\/hillbo.com\/es\/mis-direcciones\/","og_locale":"es_ES","og_type":"article","og_title":"Mis direcciones - Hillbo","og_url":"https:\/\/hillbo.com\/es\/mis-direcciones\/","og_site_name":"Hillbo","article_modified_time":"2021-10-01T08:36:03+00:00","twitter_card":"summary_large_image","twitter_description":"[hillbo modulo=\"breadcrumb\" page=\"direcciones\"][hillbo modulo=\"menu-cuenta\" page=\"mis-direcciones\"][hillbo modulo=\"direcciones\"]","twitter_misc":{"Tiempo de lectura":"1 minuto"},"schema":{"@context":"https:\/\/schema.org","@graph":[{"@type":"WebPage","@id":"https:\/\/hillbo.com\/es\/mis-direcciones\/","url":"https:\/\/hillbo.com\/es\/mis-direcciones\/","name":"Mis direcciones - Hillbo","isPartOf":{"@id":"https:\/\/hillbo.com\/es\/#website"},"datePublished":"2021-10-01T07:21:38+00:00","dateModified":"2021-10-01T08:36:03+00:00","breadcrumb":{"@id":"https:\/\/hillbo.com\/es\/mis-direcciones\/#breadcrumb"},"inLanguage":"es","potentialAction":[{"@type":"ReadAction","target":["https:\/\/hillbo.com\/es\/mis-direcciones\/"]}]},{"@type":"BreadcrumbList","@id":"https:\/\/hillbo.com\/es\/mis-direcciones\/#breadcrumb","itemListElement":[{"@type":"ListItem","position":1,"name":"Portada","item":"https:\/\/hillbo.com\/es\/"},{"@type":"ListItem","position":2,"name":"Mis direcciones"}]},{"@type":"WebSite","@id":"https:\/\/hillbo.com\/es\/#website","url":"https:\/\/hillbo.com\/es\/","name":"Hillbo","description":"Empresa l\u00edder en la fabricaci\u00f3n de productos de decoraci\u00f3n en chocolate, tanto a nivel nacional como internacional","publisher":{"@id":"https:\/\/hillbo.com\/es\/#organization"},"potentialAction":[{"@type":"SearchAction","target":{"@type":"EntryPoint","urlTemplate":"https:\/\/hillbo.com\/es\/?s={search_term_string}"},"query-input":{"@type":"PropertyValueSpecification","valueRequired":true,"valueName":"search_term_string"}}],"inLanguage":"es"},{"@type":"Organization","@id":"https:\/\/hillbo.com\/es\/#organization","name":"Hillbo","url":"https:\/\/hillbo.com\/es\/","logo":{"@type":"ImageObject","inLanguage":"es","@id":"https:\/\/hillbo.com\/es\/#\/schema\/logo\/image\/","url":"https:\/\/hillbo.com\/wp-content\/uploads\/2021\/09\/LogoHillbo4T.png","contentUrl":"https:\/\/hillbo.com\/wp-content\/uploads\/2021\/09\/LogoHillbo4T.png","width":3392,"height":1875,"caption":"Hillbo"},"image":{"@id":"https:\/\/hillbo.com\/es\/#\/schema\/logo\/image\/"}}]}},"_links":{"self":[{"href":"https:\/\/hillbo.com\/es\/wp-json\/wp\/v2\/pages\/4509","targetHints":{"allow":["GET"]}}],"collection":[{"href":"https:\/\/hillbo.com\/es\/wp-json\/wp\/v2\/pages"}],"about":[{"href":"https:\/\/hillbo.com\/es\/wp-json\/wp\/v2\/types\/page"}],"author":[{"embeddable":true,"href":"https:\/\/hillbo.com\/es\/wp-json\/wp\/v2\/users\/2"}],"replies":[{"embeddable":true,"href":"https:\/\/hillbo.com\/es\/wp-json\/wp\/v2\/comments?post=4509"}],"version-history":[{"count":4,"href":"https:\/\/hillbo.com\/es\/wp-json\/wp\/v2\/pages\/4509\/revisions"}],"predecessor-version":[{"id":4559,"href":"https:\/\/hillbo.com\/es\/wp-json\/wp\/v2\/pages\/4509\/revisions\/4559"}],"wp:attachment":[{"href":"https:\/\/hillbo.com\/es\/wp-json\/wp\/v2\/media?parent=4509"}],"curies":[{"name":"wp","href":"https:\/\/api.w.org\/{rel}","templated":true}]}}