{"id":4659,"date":"2021-10-19T13:49:42","date_gmt":"2021-10-19T13:49:42","guid":{"rendered":"https:\/\/hillbo.com\/?page_id=4659"},"modified":"2021-10-26T13:27:45","modified_gmt":"2021-10-26T13:27:45","slug":"reset-password","status":"publish","type":"page","link":"https:\/\/hillbo.com\/es\/reset-password\/","title":{"rendered":"Reset password"},"content":{"rendered":"<p>[et_pb_section fb_built=\u00bb1&#8243; _builder_version=\u00bb4.4.3&#8243;][et_pb_row _builder_version=\u00bb3.25&#8243; background_size=\u00bbinitial\u00bb background_position=\u00bbtop_left\u00bb background_repeat=\u00bbrepeat\u00bb hover_enabled=\u00bb0&#8243;][et_pb_column type=\u00bb4_4&#8243; _builder_version=\u00bb3.25&#8243; custom_padding=\u00bb|||\u00bb custom_padding__hover=\u00bb|||\u00bb][et_pb_code _builder_version=\u00bb4.4.3&#8243; hover_enabled=\u00bb0&#8243;]<div class=\"\" style=\"margin-bottom: 36px;\"><div class=\"et_pb_text et_pb_module et_pb_bg_layout_light et_pb_text_align_left  et_pb_text_0\"><div class=\"et_pb_text_inner hillbo-titular-cat \"><h2 class=\"\">Restaurar contrase\u00f1a<\/h2><\/div><\/div><\/div><form action=\"\" method=\"post\" class=\"wpcf7-form\" >\n          <p><span class=\"wpcf7-form-control-wrap your-name\">\n            <input autocomplete=\"off\" type=\"email\" name=\"email\" id=\"email\"  value=\"\" size=\"40\" class=\"wpcf7-form-control wpcf7-text wpcf7-validates-as-required\" aria-required=\"true\" aria-invalid=\"false\" placeholder=\"Email\">\n          <\/span><\/p>\n          <input type=\"submit\" value=\"Enviar mail\" class=\"wpcf7-form-control wpcf7-submit\">\n\n        <span class=\"ajax-loader\"><\/span>\n        <\/form><\/div>[\/et_pb_code][\/et_pb_column][\/et_pb_row][\/et_pb_section]<\/p>\n","protected":false},"excerpt":{"rendered":"<div class=\"\" style=\"margin-bottom: 36px;\"><div class=\"et_pb_text et_pb_module et_pb_bg_layout_light et_pb_text_align_left  et_pb_text_0\"><div class=\"et_pb_text_inner hillbo-titular-cat \"><h2 class=\"\">Restaurar contrase\u00f1a<\/h2><\/div><\/div><\/div><form action=\"\" method=\"post\" class=\"wpcf7-form\" >\n          <p><span class=\"wpcf7-form-control-wrap your-name\">\n            <input autocomplete=\"off\" type=\"email\" name=\"email\" id=\"email\"  value=\"\" size=\"40\" class=\"wpcf7-form-control wpcf7-text wpcf7-validates-as-required\" aria-required=\"true\" aria-invalid=\"false\" placeholder=\"Email\">\n          <\/span><\/p>\n          <input type=\"submit\" value=\"Enviar mail\" class=\"wpcf7-form-control wpcf7-submit\">\n\n        <span class=\"ajax-loader\"><\/span>\n        <\/form><\/div>\n","protected":false},"author":2,"featured_media":0,"parent":0,"menu_order":0,"comment_status":"closed","ping_status":"closed","template":"","meta":{"_et_pb_use_builder":"on","_et_pb_old_content":"","_et_gb_content_width":"","footnotes":""},"class_list":["post-4659","page","type-page","status-publish","hentry"],"yoast_head":"<!-- This site is optimized with the Yoast SEO plugin v26.8 - https:\/\/yoast.com\/product\/yoast-seo-wordpress\/ -->\n<title>Reset password - Hillbo<\/title>\n<meta name=\"robots\" content=\"index, follow, max-snippet:-1, max-image-preview:large, max-video-preview:-1\" \/>\n<link rel=\"canonical\" href=\"https:\/\/hillbo.com\/es\/reset-password\/\" \/>\n<meta property=\"og:locale\" content=\"es_ES\" \/>\n<meta property=\"og:type\" content=\"article\" \/>\n<meta property=\"og:title\" content=\"Reset password - Hillbo\" \/>\n<meta property=\"og:url\" content=\"https:\/\/hillbo.com\/es\/reset-password\/\" \/>\n<meta property=\"og:site_name\" content=\"Hillbo\" \/>\n<meta property=\"article:modified_time\" content=\"2021-10-26T13:27:45+00:00\" \/>\n<meta name=\"twitter:card\" content=\"summary_large_image\" \/>\n<meta name=\"twitter:description\" content=\"[hillbo modulo=&quot;resetpassword&quot;]\" \/>\n<script type=\"application\/ld+json\" class=\"yoast-schema-graph\">{\"@context\":\"https:\/\/schema.org\",\"@graph\":[{\"@type\":\"WebPage\",\"@id\":\"https:\/\/hillbo.com\/es\/reset-password\/\",\"url\":\"https:\/\/hillbo.com\/es\/reset-password\/\",\"name\":\"Reset password - Hillbo\",\"isPartOf\":{\"@id\":\"https:\/\/hillbo.com\/es\/#website\"},\"datePublished\":\"2021-10-19T13:49:42+00:00\",\"dateModified\":\"2021-10-26T13:27:45+00:00\",\"breadcrumb\":{\"@id\":\"https:\/\/hillbo.com\/es\/reset-password\/#breadcrumb\"},\"inLanguage\":\"es\",\"potentialAction\":[{\"@type\":\"ReadAction\",\"target\":[\"https:\/\/hillbo.com\/es\/reset-password\/\"]}]},{\"@type\":\"BreadcrumbList\",\"@id\":\"https:\/\/hillbo.com\/es\/reset-password\/#breadcrumb\",\"itemListElement\":[{\"@type\":\"ListItem\",\"position\":1,\"name\":\"Portada\",\"item\":\"https:\/\/hillbo.com\/es\/\"},{\"@type\":\"ListItem\",\"position\":2,\"name\":\"Reset password\"}]},{\"@type\":\"WebSite\",\"@id\":\"https:\/\/hillbo.com\/es\/#website\",\"url\":\"https:\/\/hillbo.com\/es\/\",\"name\":\"Hillbo\",\"description\":\"Empresa l\u00edder en la fabricaci\u00f3n de productos de decoraci\u00f3n en chocolate, tanto a nivel nacional como internacional\",\"publisher\":{\"@id\":\"https:\/\/hillbo.com\/es\/#organization\"},\"potentialAction\":[{\"@type\":\"SearchAction\",\"target\":{\"@type\":\"EntryPoint\",\"urlTemplate\":\"https:\/\/hillbo.com\/es\/?s={search_term_string}\"},\"query-input\":{\"@type\":\"PropertyValueSpecification\",\"valueRequired\":true,\"valueName\":\"search_term_string\"}}],\"inLanguage\":\"es\"},{\"@type\":\"Organization\",\"@id\":\"https:\/\/hillbo.com\/es\/#organization\",\"name\":\"Hillbo\",\"url\":\"https:\/\/hillbo.com\/es\/\",\"logo\":{\"@type\":\"ImageObject\",\"inLanguage\":\"es\",\"@id\":\"https:\/\/hillbo.com\/es\/#\/schema\/logo\/image\/\",\"url\":\"https:\/\/hillbo.com\/wp-content\/uploads\/2021\/09\/LogoHillbo4T.png\",\"contentUrl\":\"https:\/\/hillbo.com\/wp-content\/uploads\/2021\/09\/LogoHillbo4T.png\",\"width\":3392,\"height\":1875,\"caption\":\"Hillbo\"},\"image\":{\"@id\":\"https:\/\/hillbo.com\/es\/#\/schema\/logo\/image\/\"}}]}<\/script>\n<!-- \/ Yoast SEO plugin. -->","yoast_head_json":{"title":"Reset password - Hillbo","robots":{"index":"index","follow":"follow","max-snippet":"max-snippet:-1","max-image-preview":"max-image-preview:large","max-video-preview":"max-video-preview:-1"},"canonical":"https:\/\/hillbo.com\/es\/reset-password\/","og_locale":"es_ES","og_type":"article","og_title":"Reset password - Hillbo","og_url":"https:\/\/hillbo.com\/es\/reset-password\/","og_site_name":"Hillbo","article_modified_time":"2021-10-26T13:27:45+00:00","twitter_card":"summary_large_image","twitter_description":"[hillbo modulo=\"resetpassword\"]","schema":{"@context":"https:\/\/schema.org","@graph":[{"@type":"WebPage","@id":"https:\/\/hillbo.com\/es\/reset-password\/","url":"https:\/\/hillbo.com\/es\/reset-password\/","name":"Reset password - Hillbo","isPartOf":{"@id":"https:\/\/hillbo.com\/es\/#website"},"datePublished":"2021-10-19T13:49:42+00:00","dateModified":"2021-10-26T13:27:45+00:00","breadcrumb":{"@id":"https:\/\/hillbo.com\/es\/reset-password\/#breadcrumb"},"inLanguage":"es","potentialAction":[{"@type":"ReadAction","target":["https:\/\/hillbo.com\/es\/reset-password\/"]}]},{"@type":"BreadcrumbList","@id":"https:\/\/hillbo.com\/es\/reset-password\/#breadcrumb","itemListElement":[{"@type":"ListItem","position":1,"name":"Portada","item":"https:\/\/hillbo.com\/es\/"},{"@type":"ListItem","position":2,"name":"Reset password"}]},{"@type":"WebSite","@id":"https:\/\/hillbo.com\/es\/#website","url":"https:\/\/hillbo.com\/es\/","name":"Hillbo","description":"Empresa l\u00edder en la fabricaci\u00f3n de productos de decoraci\u00f3n en chocolate, tanto a nivel nacional como internacional","publisher":{"@id":"https:\/\/hillbo.com\/es\/#organization"},"potentialAction":[{"@type":"SearchAction","target":{"@type":"EntryPoint","urlTemplate":"https:\/\/hillbo.com\/es\/?s={search_term_string}"},"query-input":{"@type":"PropertyValueSpecification","valueRequired":true,"valueName":"search_term_string"}}],"inLanguage":"es"},{"@type":"Organization","@id":"https:\/\/hillbo.com\/es\/#organization","name":"Hillbo","url":"https:\/\/hillbo.com\/es\/","logo":{"@type":"ImageObject","inLanguage":"es","@id":"https:\/\/hillbo.com\/es\/#\/schema\/logo\/image\/","url":"https:\/\/hillbo.com\/wp-content\/uploads\/2021\/09\/LogoHillbo4T.png","contentUrl":"https:\/\/hillbo.com\/wp-content\/uploads\/2021\/09\/LogoHillbo4T.png","width":3392,"height":1875,"caption":"Hillbo"},"image":{"@id":"https:\/\/hillbo.com\/es\/#\/schema\/logo\/image\/"}}]}},"_links":{"self":[{"href":"https:\/\/hillbo.com\/es\/wp-json\/wp\/v2\/pages\/4659","targetHints":{"allow":["GET"]}}],"collection":[{"href":"https:\/\/hillbo.com\/es\/wp-json\/wp\/v2\/pages"}],"about":[{"href":"https:\/\/hillbo.com\/es\/wp-json\/wp\/v2\/types\/page"}],"author":[{"embeddable":true,"href":"https:\/\/hillbo.com\/es\/wp-json\/wp\/v2\/users\/2"}],"replies":[{"embeddable":true,"href":"https:\/\/hillbo.com\/es\/wp-json\/wp\/v2\/comments?post=4659"}],"version-history":[{"count":4,"href":"https:\/\/hillbo.com\/es\/wp-json\/wp\/v2\/pages\/4659\/revisions"}],"predecessor-version":[{"id":4704,"href":"https:\/\/hillbo.com\/es\/wp-json\/wp\/v2\/pages\/4659\/revisions\/4704"}],"wp:attachment":[{"href":"https:\/\/hillbo.com\/es\/wp-json\/wp\/v2\/media?parent=4659"}],"curies":[{"name":"wp","href":"https:\/\/api.w.org\/{rel}","templated":true}]}}