{"id":48,"date":"2018-04-09T16:31:01","date_gmt":"2018-04-09T16:31:01","guid":{"rendered":"http:\/\/www.hillbo.com\/?page_id=48"},"modified":"2026-01-15T11:34:07","modified_gmt":"2026-01-15T11:34:07","slug":"catalogos","status":"publish","type":"page","link":"https:\/\/hillbo.com\/es\/catalogos\/","title":{"rendered":"Cat\u00e1logos"},"content":{"rendered":"<p>[et_pb_section fb_built=\u00bb1&#8243; fullwidth=\u00bbon\u00bb _builder_version=\u00bb4.16&#8243; bottom_divider_style=\u00bbwave\u00bb bottom_divider_color=\u00bb#ffffff\u00bb bottom_divider_height=\u00bb70px\u00bb bottom_divider_repeat=\u00bb0x\u00bb link_option_url=\u00bb#catalogos\u00bb global_colors_info=\u00bb{}\u00bb][et_pb_fullwidth_image src=\u00bbhttps:\/\/hillbo.com\/wp-content\/uploads\/2024\/05\/catalogos_hillbo_esp.webp\u00bb title_text=\u00bbcatalogos-banner-mbl\u00bb src_tablet=\u00bb\u00bb src_phone=\u00bbhttps:\/\/hillbo.com\/wp-content\/uploads\/2024\/06\/catalogos-banner-mbl.webp\u00bb src_last_edited=\u00bbon|phone\u00bb _builder_version=\u00bb4.25.0&#8243; global_colors_info=\u00bb{}\u00bb][\/et_pb_fullwidth_image][\/et_pb_section][et_pb_section fb_built=\u00bb1&#8243; _builder_version=\u00bb4.25.0&#8243; _module_preset=\u00bbdefault\u00bb custom_margin=\u00bb0px||-30px||false|false\u00bb global_colors_info=\u00bb{}\u00bb][et_pb_row _builder_version=\u00bb4.25.0&#8243; _module_preset=\u00bbdefault\u00bb global_colors_info=\u00bb{}\u00bb][et_pb_column type=\u00bb4_4&#8243; _builder_version=\u00bb4.25.0&#8243; _module_preset=\u00bbdefault\u00bb global_colors_info=\u00bb{}\u00bb][et_pb_text _builder_version=\u00bb4.27.4&#8243; _module_preset=\u00bbdefault\u00bb header_font=\u00bb|800|||||||\u00bb header_text_align=\u00bbcenter\u00bb header_text_color=\u00bb#564227&#8243; header_font_size=\u00bb36px\u00bb global_colors_info=\u00bb{}\u00bb]<\/p>\n<h1>Cat\u00e1logos Hillbo 2026<\/h1>\n<p>[\/et_pb_text][et_pb_text _builder_version=\u00bb4.27.4&#8243; _module_preset=\u00bbdefault\u00bb text_font=\u00bbMontserrat|600|||||||\u00bb text_text_color=\u00bb#322311&#8243; text_line_height=\u00bb1.9em\u00bb text_font_size_tablet=\u00bb\u00bb text_font_size_phone=\u00bb20px\u00bb text_font_size_last_edited=\u00bbon|phone\u00bb locked=\u00bboff\u00bb global_colors_info=\u00bb{}\u00bb]<\/p>\n<p>Descubre las novedades que Hillbo ha preparado para la temporada 2026. Nuestros cat\u00e1logos est\u00e1n repletos de dise\u00f1os pensados para sorprender y deleitar a los profesionales de la reposter\u00eda y a sus clientes.<\/p>\n<p>Aqu\u00ed encontrar\u00e1s una amplia gama de decoraciones de chocolate. Desde sofisticadas figuras hasta impresiones personalizadas, ideales para darle un toque \u00fanico y distintivo a tus postres y pasteles.<\/p>\n<p>\u00a1Bienvenidos a una nueva temporada llena de sabor y estilo con Hillbo!<\/p>\n<p>[\/et_pb_text][\/et_pb_column][\/et_pb_row][\/et_pb_section][et_pb_section fb_built=\u00bb1&#8243; module_id=\u00bbcatalogos\u00bb _builder_version=\u00bb4.16&#8243; custom_padding=\u00bb1px||6px|||\u00bb global_colors_info=\u00bb{}\u00bb][et_pb_row column_structure=\u00bb1_3,1_3,1_3&#8243; disabled_on=\u00bboff|off|\u00bb _builder_version=\u00bb4.16&#8243; background_size=\u00bbinitial\u00bb background_position=\u00bbtop_left\u00bb background_repeat=\u00bbrepeat\u00bb custom_padding=\u00bb||79px|||\u00bb global_colors_info=\u00bb{}\u00bb][et_pb_column type=\u00bb1_3&#8243; _builder_version=\u00bb4.16&#8243; custom_padding=\u00bb|||\u00bb global_colors_info=\u00bb{}\u00bb custom_padding__hover=\u00bb|||\u00bb][et_pb_text _builder_version=\u00bb4.27.4&#8243; header_2_font_size=\u00bb18px\u00bb text_font_size_tablet=\u00bb\u00bb text_font_size_phone=\u00bb\u00bb text_font_size_last_edited=\u00bbon|desktop\u00bb global_colors_info=\u00bb{}\u00bb]<\/p>\n<h2 style=\"text-align: center;\">GENERAL 2026<\/h2>\n<p>[\/et_pb_text][et_pb_image src=\u00bbhttps:\/\/hillbo.com\/wp-content\/uploads\/2026\/01\/portada-general-2026.jpg\u00bb title_text=\u00bbportada general 2026&#8243; url=\u00bbhttps:\/\/publuu.com\/flip-book\/201585\/1892176&#8243; url_new_window=\u00bbon\u00bb align_tablet=\u00bbcenter\u00bb align_phone=\u00bb\u00bb align_last_edited=\u00bbon|desktop\u00bb _builder_version=\u00bb4.27.4&#8243; box_shadow_style=\u00bbpreset1&#8243; global_colors_info=\u00bb{}\u00bb transform_styles__hover_enabled=\u00bbon|hover\u00bb transform_scale__hover_enabled=\u00bbon|hover\u00bb transform_translate__hover_enabled=\u00bbon|desktop\u00bb transform_rotate__hover_enabled=\u00bbon|desktop\u00bb transform_skew__hover_enabled=\u00bbon|desktop\u00bb transform_origin__hover_enabled=\u00bbon|desktop\u00bb transform_scale__hover=\u00bb105%|105%\u00bb filter_brightness__hover_enabled=\u00bboff|hover\u00bb filter_opacity__hover_enabled=\u00bbon|hover\u00bb filter_opacity__hover=\u00bb80%\u00bb]\u00a0<br \/>\n[\/et_pb_image][\/et_pb_column][et_pb_column type=\u00bb1_3&#8243; _builder_version=\u00bb4.16&#8243; custom_padding=\u00bb|||\u00bb global_colors_info=\u00bb{}\u00bb custom_padding__hover=\u00bb|||\u00bb][et_pb_text _builder_version=\u00bb4.27.4&#8243; header_2_font_size=\u00bb18px\u00bb text_font_size_tablet=\u00bb\u00bb text_font_size_phone=\u00bb\u00bb text_font_size_last_edited=\u00bbon|desktop\u00bb global_colors_info=\u00bb{}\u00bb]<\/p>\n<h2 style=\"text-align: center;\">CELEBRACIONES 2026<\/h2>\n<p>[\/et_pb_text][et_pb_image src=\u00bbhttps:\/\/hillbo.com\/wp-content\/uploads\/2026\/01\/foto-portada-web-scaled.jpg\u00bb title_text=\u00bbCat\u00e1logo Celebraciones 25&#8243; url=\u00bbhttps:\/\/publuu.com\/flip-book\/201585\/1526658&#8243; url_new_window=\u00bbon\u00bb align_tablet=\u00bbcenter\u00bb align_phone=\u00bb\u00bb align_last_edited=\u00bbon|desktop\u00bb _builder_version=\u00bb4.27.4&#8243; width=\u00bb100%\u00bb custom_padding=\u00bb|0px||||\u00bb box_shadow_style=\u00bbpreset1&#8243; global_colors_info=\u00bb{}\u00bb transform_styles__hover_enabled=\u00bbon|hover\u00bb transform_scale__hover_enabled=\u00bbon|hover\u00bb transform_translate__hover_enabled=\u00bbon|desktop\u00bb transform_rotate__hover_enabled=\u00bbon|desktop\u00bb transform_skew__hover_enabled=\u00bbon|desktop\u00bb transform_origin__hover_enabled=\u00bbon|desktop\u00bb transform_scale__hover=\u00bb105%|105%\u00bb filter_opacity__hover_enabled=\u00bbon|hover\u00bb filter_opacity__hover=\u00bb80%\u00bb]\u00a0<br \/>\n[\/et_pb_image][et_pb_text _builder_version=\u00bb4.25.0&#8243; header_2_font_size=\u00bb18px\u00bb text_font_size_tablet=\u00bb\u00bb text_font_size_phone=\u00bb\u00bb text_font_size_last_edited=\u00bbon|desktop\u00bb global_colors_info=\u00bb{}\u00bb]<\/p>\n<h2 style=\"text-align: center;\">PERSONALIZADOS<\/h2>\n<p>[\/et_pb_text][et_pb_image src=\u00bbhttps:\/\/hillbo.com\/wp-content\/uploads\/2022\/09\/FORMATOS_CHOCOLATE_HILLBO.jpg\u00bb url=\u00bbhttps:\/\/publuu.com\/flip-book\/201585\/500811&#8243; align_tablet=\u00bbcenter\u00bb align_phone=\u00bb\u00bb align_last_edited=\u00bbon|desktop\u00bb _builder_version=\u00bb4.21.0&#8243; box_shadow_style=\u00bbpreset1&#8243; locked=\u00bboff\u00bb global_colors_info=\u00bb{}\u00bb filter_opacity__hover_enabled=\u00bbon|hover\u00bb filter_opacity__hover=\u00bb80%\u00bb transform_styles__hover_enabled=\u00bbon|hover\u00bb transform_scale__hover_enabled=\u00bbon|hover\u00bb transform_translate__hover_enabled=\u00bbon|hover\u00bb transform_rotate__hover_enabled=\u00bbon|hover\u00bb transform_skew__hover_enabled=\u00bbon|hover\u00bb transform_origin__hover_enabled=\u00bbon|hover\u00bb transform_scale__hover=\u00bb105%|105%\u00bb]\u00a0<br \/>\n[\/et_pb_image][\/et_pb_column][et_pb_column type=\u00bb1_3&#8243; _builder_version=\u00bb4.16&#8243; custom_padding=\u00bb|||\u00bb global_colors_info=\u00bb{}\u00bb custom_padding__hover=\u00bb|||\u00bb][et_pb_text _builder_version=\u00bb4.27.4&#8243; header_2_font_size=\u00bb18px\u00bb hover_enabled=\u00bb0&#8243; text_font_size_tablet=\u00bb\u00bb text_font_size_phone=\u00bb\u00bb text_font_size_last_edited=\u00bbon|desktop\u00bb global_colors_info=\u00bb{}\u00bb sticky_enabled=\u00bb0&#8243;]<\/p>\n<h2 style=\"text-align: center;\">HALLOWEEN &#8211; NAVIDAD 2026<\/h2>\n<p>[\/et_pb_text][et_pb_image src=\u00bbhttps:\/\/hillbo.com\/wp-content\/uploads\/2026\/01\/portada-web.jpg\u00bb title_text=\u00bbportada web\u00bb url=\u00bbhttps:\/\/publuu.com\/flip-book\/201585\/2012400&#8243; url_new_window=\u00bbon\u00bb align_tablet=\u00bbcenter\u00bb align_phone=\u00bb\u00bb align_last_edited=\u00bbon|desktop\u00bb _builder_version=\u00bb4.27.4&#8243; hover_enabled=\u00bb0&#8243; box_shadow_style=\u00bbpreset1&#8243; locked=\u00bboff\u00bb global_colors_info=\u00bb{}\u00bb filter_opacity__hover_enabled=\u00bbon|hover\u00bb filter_opacity__hover=\u00bb80%\u00bb transform_styles__hover_enabled=\u00bbon|hover\u00bb transform_scale__hover_enabled=\u00bbon|hover\u00bb transform_translate__hover_enabled=\u00bbon|hover\u00bb transform_rotate__hover_enabled=\u00bbon|hover\u00bb transform_skew__hover_enabled=\u00bbon|hover\u00bb transform_origin__hover_enabled=\u00bbon|hover\u00bb transform_scale__hover=\u00bb105%|105%\u00bb sticky_enabled=\u00bb0&#8243;]\u00a0<br \/>\n[\/et_pb_image][et_pb_text _builder_version=\u00bb4.27.4&#8243; header_2_font_size=\u00bb18px\u00bb text_font_size_tablet=\u00bb\u00bb text_font_size_phone=\u00bb\u00bb text_font_size_last_edited=\u00bbon|desktop\u00bb locked=\u00bboff\u00bb global_colors_info=\u00bb{}\u00bb]<\/p>\n<h2 style=\"text-align: center;\">HALLOWEEN 2025<\/h2>\n<p>[\/et_pb_text][et_pb_image src=\u00bbhttps:\/\/hillbo.com\/wp-content\/uploads\/2025\/07\/portada-web-halloween_Mesa-de-trabajo-1-copia-2.jpg\u00bb title_text=\u00bbportada web halloween_Mesa de trabajo 1 copia 2&#8243; url=\u00bbhttps:\/\/publuu.com\/flip-book\/201585\/2014110&#8243; url_new_window=\u00bbon\u00bb align_tablet=\u00bbcenter\u00bb align_phone=\u00bb\u00bb align_last_edited=\u00bbon|desktop\u00bb _builder_version=\u00bb4.27.4&#8243; box_shadow_style=\u00bbpreset1&#8243; locked=\u00bboff\u00bb global_colors_info=\u00bb{}\u00bb filter_opacity__hover_enabled=\u00bbon|hover\u00bb filter_opacity__hover=\u00bb80%\u00bb transform_styles__hover_enabled=\u00bbon|hover\u00bb transform_scale__hover_enabled=\u00bbon|hover\u00bb transform_translate__hover_enabled=\u00bbon|hover\u00bb transform_rotate__hover_enabled=\u00bbon|hover\u00bb transform_skew__hover_enabled=\u00bbon|hover\u00bb transform_origin__hover_enabled=\u00bbon|hover\u00bb transform_scale__hover=\u00bb105%|105%\u00bb]\u00a0<br \/>\n[\/et_pb_image][\/et_pb_column][\/et_pb_row][\/et_pb_section][et_pb_section fb_built=\u00bb1&#8243; _builder_version=\u00bb4.23.2&#8243; _module_preset=\u00bbdefault\u00bb background_enable_image=\u00bboff\u00bb background_position=\u00bbtop_left\u00bb custom_padding=\u00bb27px||30px|||\u00bb locked=\u00bboff\u00bb global_colors_info=\u00bb{}\u00bb][et_pb_row _builder_version=\u00bb4.23.2&#8243; _module_preset=\u00bbdefault\u00bb global_colors_info=\u00bb{}\u00bb][et_pb_column type=\u00bb4_4&#8243; _builder_version=\u00bb4.23.2&#8243; _module_preset=\u00bbdefault\u00bb global_colors_info=\u00bb{}\u00bb][et_pb_text _builder_version=\u00bb4.23.2&#8243; _module_preset=\u00bbdefault\u00bb header_2_font=\u00bbMontserrat|800|||||||\u00bb header_2_text_align=\u00bbcenter\u00bb header_2_text_color=\u00bb#322311&#8243; global_colors_info=\u00bb{}\u00bb]<\/p>\n<h2><span class=\"OYPEnA text-decoration-none text-strikethrough-none\">C\u00f3mo podemos ayudarte<\/span><\/h2>\n<p>[\/et_pb_text][\/et_pb_column][\/et_pb_row][et_pb_row column_structure=\u00bb1_3,1_3,1_3&#8243; use_custom_gutter=\u00bbon\u00bb gutter_width=\u00bb1&#8243; _builder_version=\u00bb4.23.2&#8243; width=\u00bb100%\u00bb max_width=\u00bb100%\u00bb module_alignment=\u00bbright\u00bb custom_padding=\u00bb0px||6px|||\u00bb global_colors_info=\u00bb{}\u00bb min_height__hover_enabled=\u00bboff|desktop\u00bb][et_pb_column type=\u00bb1_3&#8243; _builder_version=\u00bb4.16&#8243; global_colors_info=\u00bb{}\u00bb][et_pb_cta title=\u00bbDecoraci\u00f3n de chocolate para profesionales\u00bb _builder_version=\u00bb4.23.2&#8243; header_level=\u00bbh3&#8243; header_font=\u00bbMontserrat|700|||||||\u00bb header_text_align=\u00bbleft\u00bb header_text_color=\u00bb#FFFFFF\u00bb header_font_size=\u00bb25px\u00bb background_enable_color=\u00bboff\u00bb background_image=\u00bbhttps:\/\/hillbo.com\/wp-content\/uploads\/2024\/05\/decoracion-pasteleria-1.webp\u00bb text_orientation=\u00bbleft\u00bb min_height=\u00bb300px\u00bb custom_margin=\u00bb||0px||false|false\u00bb custom_padding=\u00bb276px||0px||false|false\u00bb link_option_url=\u00bbhttps:\/\/hillbo.com\/es\/decoracion-de-chocolate\/\u00bb link_option_url_new_window=\u00bbon\u00bb header_text_shadow_style=\u00bbpreset3&#8243; header_text_shadow_vertical_length=\u00bb-0.02em\u00bb header_text_shadow_blur_strength=\u00bb0.4em\u00bb header_text_shadow_color=\u00bb#000000&#8243; border_width_all=\u00bb5px\u00bb border_color_all=\u00bb#ffffff\u00bb global_colors_info=\u00bb{}\u00bb filter_brightness__hover_enabled=\u00bbon|desktop\u00bb filter_brightness__hover=\u00bb110%\u00bb][\/et_pb_cta][\/et_pb_column][et_pb_column type=\u00bb1_3&#8243; _builder_version=\u00bb4.16&#8243; global_colors_info=\u00bb{}\u00bb][et_pb_cta title=\u00bbDise\u00f1a tu Chocolate Personalizado con Logo\u00bb _builder_version=\u00bb4.25.0&#8243; header_level=\u00bbh3&#8243; header_font=\u00bbMontserrat|700|||||||\u00bb header_text_align=\u00bbleft\u00bb header_text_color=\u00bb#FFFFFF\u00bb header_font_size=\u00bb25px\u00bb background_enable_color=\u00bboff\u00bb background_image=\u00bbhttps:\/\/hillbo.com\/wp-content\/uploads\/2024\/05\/bombones-personalizados-con-nombre.webp\u00bb text_orientation=\u00bbleft\u00bb min_height=\u00bb300px\u00bb custom_margin=\u00bb||0px||false|false\u00bb custom_padding=\u00bb276px||0px||false|false\u00bb link_option_url=\u00bbhttps:\/\/hillbo.com\/es\/chocolate-personalizado\/\u00bb header_text_shadow_style=\u00bbpreset3&#8243; header_text_shadow_blur_strength=\u00bb0.52em\u00bb header_text_shadow_color=\u00bb#000000&#8243; border_width_all=\u00bb5px\u00bb border_color_all=\u00bb#ffffff\u00bb locked=\u00bboff\u00bb global_colors_info=\u00bb{}\u00bb filter_brightness__hover_enabled=\u00bbon|desktop\u00bb filter_brightness__hover=\u00bb110%\u00bb][\/et_pb_cta][\/et_pb_column][et_pb_column type=\u00bb1_3&#8243; _builder_version=\u00bb4.16&#8243; global_colors_info=\u00bb{}\u00bb][et_pb_cta title=\u00bbEscr\u00edbenos para recibir m\u00e1s informaci\u00f3n\u00bb _builder_version=\u00bb4.23.2&#8243; header_level=\u00bbh3&#8243; header_font=\u00bbMontserrat|700|||||||\u00bb header_text_align=\u00bbleft\u00bb header_text_color=\u00bb#FFFFFF\u00bb header_font_size=\u00bb25px\u00bb background_enable_color=\u00bboff\u00bb background_image=\u00bbhttps:\/\/hillbo.com\/wp-content\/uploads\/2024\/05\/decoracion-de-chocolates-para-san-valentin.webp\u00bb text_orientation=\u00bbleft\u00bb min_height=\u00bb300px\u00bb custom_margin=\u00bb||0px||false|false\u00bb custom_padding=\u00bb276px||0px||false|false\u00bb link_option_url=\u00bbhttps:\/\/hillbo.com\/es\/contacto\/\u00bb header_text_shadow_style=\u00bbpreset3&#8243; header_text_shadow_vertical_length=\u00bb-0.02em\u00bb header_text_shadow_blur_strength=\u00bb0.4em\u00bb header_text_shadow_color=\u00bb#000000&#8243; border_width_all=\u00bb5px\u00bb border_color_all=\u00bb#ffffff\u00bb locked=\u00bboff\u00bb global_colors_info=\u00bb{}\u00bb filter_brightness__hover_enabled=\u00bbon|desktop\u00bb filter_brightness__hover=\u00bb110%\u00bb][\/et_pb_cta][\/et_pb_column][\/et_pb_row][\/et_pb_section]<\/p>\n","protected":false},"excerpt":{"rendered":"<p>Cat\u00e1logos Hillbo 2026Descubre las novedades que Hillbo ha preparado para la temporada 2026. Nuestros cat\u00e1logos est\u00e1n repletos de dise\u00f1os pensados para sorprender y deleitar a los profesionales de la reposter\u00eda y a sus clientes. Aqu\u00ed encontrar\u00e1s una amplia gama de decoraciones de chocolate. Desde sofisticadas figuras hasta impresiones personalizadas, ideales para darle un toque \u00fanico [&hellip;]<\/p>\n","protected":false},"author":4,"featured_media":0,"parent":0,"menu_order":0,"comment_status":"closed","ping_status":"closed","template":"","meta":{"_et_pb_use_builder":"on","_et_pb_old_content":"","_et_gb_content_width":"","footnotes":""},"class_list":["post-48","page","type-page","status-publish","hentry"],"yoast_head":"<!-- This site is optimized with the Yoast SEO plugin v26.8 - https:\/\/yoast.com\/product\/yoast-seo-wordpress\/ -->\n<title>Cat\u00e1logos Hillbo | Consulta nuestros productos y novedades<\/title>\n<meta name=\"description\" content=\"Accede aqu\u00ed a los cat\u00e1logos de Hillbo y descubre las decoraciones de chocolate que est\u00e1n en tendencia esta temporada.\" \/>\n<meta name=\"robots\" content=\"index, follow, max-snippet:-1, max-image-preview:large, max-video-preview:-1\" \/>\n<link rel=\"canonical\" href=\"https:\/\/hillbo.com\/es\/catalogos\/\" \/>\n<meta property=\"og:locale\" content=\"es_ES\" \/>\n<meta property=\"og:type\" content=\"article\" \/>\n<meta property=\"og:title\" content=\"Cat\u00e1logos Hillbo | Consulta nuestros productos y novedades\" \/>\n<meta property=\"og:description\" content=\"Accede aqu\u00ed a los cat\u00e1logos de Hillbo y descubre las decoraciones de chocolate que est\u00e1n en tendencia esta temporada.\" \/>\n<meta property=\"og:url\" content=\"https:\/\/hillbo.com\/es\/catalogos\/\" \/>\n<meta property=\"og:site_name\" content=\"Hillbo\" \/>\n<meta property=\"article:modified_time\" content=\"2026-01-15T11:34:07+00:00\" \/>\n<meta name=\"twitter:card\" content=\"summary_large_image\" \/>\n<meta name=\"twitter:label1\" content=\"Tiempo de lectura\" \/>\n\t<meta name=\"twitter:data1\" content=\"3 minutos\" \/>\n<script type=\"application\/ld+json\" class=\"yoast-schema-graph\">{\"@context\":\"https:\/\/schema.org\",\"@graph\":[{\"@type\":\"WebPage\",\"@id\":\"https:\/\/hillbo.com\/es\/catalogos\/\",\"url\":\"https:\/\/hillbo.com\/es\/catalogos\/\",\"name\":\"Cat\u00e1logos Hillbo | Consulta nuestros productos y novedades\",\"isPartOf\":{\"@id\":\"https:\/\/hillbo.com\/es\/#website\"},\"datePublished\":\"2018-04-09T16:31:01+00:00\",\"dateModified\":\"2026-01-15T11:34:07+00:00\",\"description\":\"Accede aqu\u00ed a los cat\u00e1logos de Hillbo y descubre las decoraciones de chocolate que est\u00e1n en tendencia esta temporada.\",\"breadcrumb\":{\"@id\":\"https:\/\/hillbo.com\/es\/catalogos\/#breadcrumb\"},\"inLanguage\":\"es\",\"potentialAction\":[{\"@type\":\"ReadAction\",\"target\":[\"https:\/\/hillbo.com\/es\/catalogos\/\"]}]},{\"@type\":\"BreadcrumbList\",\"@id\":\"https:\/\/hillbo.com\/es\/catalogos\/#breadcrumb\",\"itemListElement\":[{\"@type\":\"ListItem\",\"position\":1,\"name\":\"Portada\",\"item\":\"https:\/\/hillbo.com\/es\/\"},{\"@type\":\"ListItem\",\"position\":2,\"name\":\"Cat\u00e1logos\"}]},{\"@type\":\"WebSite\",\"@id\":\"https:\/\/hillbo.com\/es\/#website\",\"url\":\"https:\/\/hillbo.com\/es\/\",\"name\":\"Hillbo\",\"description\":\"Empresa l\u00edder en la fabricaci\u00f3n de productos de decoraci\u00f3n en chocolate, tanto a nivel nacional como internacional\",\"publisher\":{\"@id\":\"https:\/\/hillbo.com\/es\/#organization\"},\"potentialAction\":[{\"@type\":\"SearchAction\",\"target\":{\"@type\":\"EntryPoint\",\"urlTemplate\":\"https:\/\/hillbo.com\/es\/?s={search_term_string}\"},\"query-input\":{\"@type\":\"PropertyValueSpecification\",\"valueRequired\":true,\"valueName\":\"search_term_string\"}}],\"inLanguage\":\"es\"},{\"@type\":\"Organization\",\"@id\":\"https:\/\/hillbo.com\/es\/#organization\",\"name\":\"Hillbo\",\"url\":\"https:\/\/hillbo.com\/es\/\",\"logo\":{\"@type\":\"ImageObject\",\"inLanguage\":\"es\",\"@id\":\"https:\/\/hillbo.com\/es\/#\/schema\/logo\/image\/\",\"url\":\"https:\/\/hillbo.com\/wp-content\/uploads\/2021\/09\/LogoHillbo4T.png\",\"contentUrl\":\"https:\/\/hillbo.com\/wp-content\/uploads\/2021\/09\/LogoHillbo4T.png\",\"width\":3392,\"height\":1875,\"caption\":\"Hillbo\"},\"image\":{\"@id\":\"https:\/\/hillbo.com\/es\/#\/schema\/logo\/image\/\"}}]}<\/script>\n<!-- \/ Yoast SEO plugin. -->","yoast_head_json":{"title":"Cat\u00e1logos Hillbo | Consulta nuestros productos y novedades","description":"Accede aqu\u00ed a los cat\u00e1logos de Hillbo y descubre las decoraciones de chocolate que est\u00e1n en tendencia esta temporada.","robots":{"index":"index","follow":"follow","max-snippet":"max-snippet:-1","max-image-preview":"max-image-preview:large","max-video-preview":"max-video-preview:-1"},"canonical":"https:\/\/hillbo.com\/es\/catalogos\/","og_locale":"es_ES","og_type":"article","og_title":"Cat\u00e1logos Hillbo | Consulta nuestros productos y novedades","og_description":"Accede aqu\u00ed a los cat\u00e1logos de Hillbo y descubre las decoraciones de chocolate que est\u00e1n en tendencia esta temporada.","og_url":"https:\/\/hillbo.com\/es\/catalogos\/","og_site_name":"Hillbo","article_modified_time":"2026-01-15T11:34:07+00:00","twitter_card":"summary_large_image","twitter_misc":{"Tiempo de lectura":"3 minutos"},"schema":{"@context":"https:\/\/schema.org","@graph":[{"@type":"WebPage","@id":"https:\/\/hillbo.com\/es\/catalogos\/","url":"https:\/\/hillbo.com\/es\/catalogos\/","name":"Cat\u00e1logos Hillbo | Consulta nuestros productos y novedades","isPartOf":{"@id":"https:\/\/hillbo.com\/es\/#website"},"datePublished":"2018-04-09T16:31:01+00:00","dateModified":"2026-01-15T11:34:07+00:00","description":"Accede aqu\u00ed a los cat\u00e1logos de Hillbo y descubre las decoraciones de chocolate que est\u00e1n en tendencia esta temporada.","breadcrumb":{"@id":"https:\/\/hillbo.com\/es\/catalogos\/#breadcrumb"},"inLanguage":"es","potentialAction":[{"@type":"ReadAction","target":["https:\/\/hillbo.com\/es\/catalogos\/"]}]},{"@type":"BreadcrumbList","@id":"https:\/\/hillbo.com\/es\/catalogos\/#breadcrumb","itemListElement":[{"@type":"ListItem","position":1,"name":"Portada","item":"https:\/\/hillbo.com\/es\/"},{"@type":"ListItem","position":2,"name":"Cat\u00e1logos"}]},{"@type":"WebSite","@id":"https:\/\/hillbo.com\/es\/#website","url":"https:\/\/hillbo.com\/es\/","name":"Hillbo","description":"Empresa l\u00edder en la fabricaci\u00f3n de productos de decoraci\u00f3n en chocolate, tanto a nivel nacional como internacional","publisher":{"@id":"https:\/\/hillbo.com\/es\/#organization"},"potentialAction":[{"@type":"SearchAction","target":{"@type":"EntryPoint","urlTemplate":"https:\/\/hillbo.com\/es\/?s={search_term_string}"},"query-input":{"@type":"PropertyValueSpecification","valueRequired":true,"valueName":"search_term_string"}}],"inLanguage":"es"},{"@type":"Organization","@id":"https:\/\/hillbo.com\/es\/#organization","name":"Hillbo","url":"https:\/\/hillbo.com\/es\/","logo":{"@type":"ImageObject","inLanguage":"es","@id":"https:\/\/hillbo.com\/es\/#\/schema\/logo\/image\/","url":"https:\/\/hillbo.com\/wp-content\/uploads\/2021\/09\/LogoHillbo4T.png","contentUrl":"https:\/\/hillbo.com\/wp-content\/uploads\/2021\/09\/LogoHillbo4T.png","width":3392,"height":1875,"caption":"Hillbo"},"image":{"@id":"https:\/\/hillbo.com\/es\/#\/schema\/logo\/image\/"}}]}},"_links":{"self":[{"href":"https:\/\/hillbo.com\/es\/wp-json\/wp\/v2\/pages\/48","targetHints":{"allow":["GET"]}}],"collection":[{"href":"https:\/\/hillbo.com\/es\/wp-json\/wp\/v2\/pages"}],"about":[{"href":"https:\/\/hillbo.com\/es\/wp-json\/wp\/v2\/types\/page"}],"author":[{"embeddable":true,"href":"https:\/\/hillbo.com\/es\/wp-json\/wp\/v2\/users\/4"}],"replies":[{"embeddable":true,"href":"https:\/\/hillbo.com\/es\/wp-json\/wp\/v2\/comments?post=48"}],"version-history":[{"count":140,"href":"https:\/\/hillbo.com\/es\/wp-json\/wp\/v2\/pages\/48\/revisions"}],"predecessor-version":[{"id":13440,"href":"https:\/\/hillbo.com\/es\/wp-json\/wp\/v2\/pages\/48\/revisions\/13440"}],"wp:attachment":[{"href":"https:\/\/hillbo.com\/es\/wp-json\/wp\/v2\/media?parent=48"}],"curies":[{"name":"wp","href":"https:\/\/api.w.org\/{rel}","templated":true}]}}