{"id":1897,"date":"2018-04-09T16:32:36","date_gmt":"2018-04-09T16:32:36","guid":{"rendered":"http:\/\/hillbo.com\/contacto\/"},"modified":"2022-10-17T10:19:09","modified_gmt":"2022-10-17T10:19:09","slug":"contact","status":"publish","type":"page","link":"https:\/\/hillbo.com\/fr\/contact\/","title":{"rendered":"Contact"},"content":{"rendered":"<p>[et_pb_section fb_built=&#8221;1&#8243; fullwidth=&#8221;on&#8221; _builder_version=&#8221;4.4.3&#8243; bottom_divider_style=&#8221;wave&#8221; bottom_divider_color=&#8221;#ffffff&#8221; bottom_divider_height=&#8221;59px&#8221; bottom_divider_flip=&#8221;horizontal&#8221; locked=&#8221;off&#8221;][et_pb_fullwidth_image src=&#8221;https:\/\/hillbo.com\/wp-content\/uploads\/2022\/10\/contacto_hillbo_eng.jpg&#8221; src_tablet=&#8221;&#8221; src_phone=&#8221;https:\/\/hillbo.com\/wp-content\/uploads\/2022\/10\/contacto_hillbo_eng_mbl.jpg&#8221; src_last_edited=&#8221;on|phone&#8221; _builder_version=&#8221;4.4.3&#8243; hover_enabled=&#8221;0&#8243;][\/et_pb_fullwidth_image][\/et_pb_section][et_pb_section fb_built=&#8221;1&#8243; _builder_version=&#8221;3.22&#8243; custom_margin=&#8221;0px|||&#8221; custom_padding=&#8221;91px|||||&#8221;][et_pb_row column_structure=&#8221;1_3,2_3&#8243; module_class=&#8221; et_pb_row_fullwidth&#8221; _builder_version=&#8221;3.25&#8243; width=&#8221;89%&#8221; width_tablet=&#8221;80%&#8221; width_phone=&#8221;&#8221; width_last_edited=&#8221;on|desktop&#8221; max_width=&#8221;89%&#8221; max_width_tablet=&#8221;80%&#8221; max_width_phone=&#8221;&#8221; max_width_last_edited=&#8221;on|desktop&#8221; custom_margin=&#8221;0px|||&#8221; custom_padding=&#8221;0px|||&#8221; make_fullwidth=&#8221;on&#8221;][et_pb_column type=&#8221;1_3&#8243; _builder_version=&#8221;3.25&#8243; custom_padding=&#8221;|||&#8221; custom_padding__hover=&#8221;|||&#8221;][et_pb_blurb image=&#8221;https:\/\/hillbo.com\/wp-content\/uploads\/2019\/07\/icon-place.png&#8221; icon_placement=&#8221;left&#8221; _builder_version=&#8221;3.0.106&#8243; header_font_size=&#8221;24&#8243; header_line_height=&#8221;1.5em&#8221;]Pol. Pl\u00e0 de l\u2019Estaci\u00f3, c\/ Vilanova, 2<br \/>\n08730 Santa Margarida i els Monjos<br \/>\nBarcelona<br \/>\n[\/et_pb_blurb][et_pb_button button_url=&#8221;#mapa&#8221; button_text=&#8221;Voir la carte&#8221; _builder_version=&#8221;4.4.3&#8243; custom_button=&#8221;on&#8221; button_text_size=&#8221;17px&#8221; button_text_color=&#8221;#e02b20&#8243; custom_margin=&#8221;-21px|||44px|false|false&#8221; custom_padding=&#8221;|12px||13px||&#8221; hover_enabled=&#8221;0&#8243; locked=&#8221;off&#8221;][\/et_pb_button][et_pb_blurb image=&#8221;https:\/\/hillbo.com\/wp-content\/uploads\/2019\/07\/icon-tel.png&#8221; icon_placement=&#8221;left&#8221; _builder_version=&#8221;3.0.106&#8243; header_font_size=&#8221;24&#8243; header_line_height=&#8221;1.5em&#8221;]Tel. (+34) 938 980 730<br \/>\nFax. (+34) 938 980 846<br \/>\n[\/et_pb_blurb][et_pb_blurb image=&#8221;https:\/\/hillbo.com\/wp-content\/uploads\/2019\/10\/icon-mail.png&#8221; icon_placement=&#8221;left&#8221; _builder_version=&#8221;3.0.106&#8243; header_font_size=&#8221;24&#8243; header_line_height=&#8221;1.5em&#8221;]chocolates@hillbo.com<br \/>\n[\/et_pb_blurb][et_pb_social_media_follow icon_color=&#8221;#ffffff&#8221; use_icon_font_size=&#8221;on&#8221; icon_font_size=&#8221;25px&#8221; _builder_version=&#8221;4.4.3&#8243; locked=&#8221;off&#8221;][et_pb_social_media_follow_network social_network=&#8221;facebook&#8221; url=&#8221;https:\/\/www.facebook.com\/HillboChocolate&#8221; _builder_version=&#8221;4.4.3&#8243; background_color=&#8221;#3b5998&#8243; follow_button=&#8221;off&#8221; url_new_window=&#8221;on&#8221;]facebook[\/et_pb_social_media_follow_network][et_pb_social_media_follow_network social_network=&#8221;pinterest&#8221; url=&#8221;https:\/\/pin.it\/3gkVMrh&#8221; _builder_version=&#8221;4.4.3&#8243; background_color=&#8221;#cb2027&#8243; follow_button=&#8221;off&#8221; url_new_window=&#8221;on&#8221;]pinterest[\/et_pb_social_media_follow_network][et_pb_social_media_follow_network social_network=&#8221;instagram&#8221; url=&#8221;https:\/\/www.instagram.com\/chocohillbo\/&#8221; _builder_version=&#8221;4.4.3&#8243; background_color=&#8221;#ea2c59&#8243; follow_button=&#8221;off&#8221; url_new_window=&#8221;on&#8221;]instagram[\/et_pb_social_media_follow_network][et_pb_social_media_follow_network social_network=&#8221;linkedin&#8221; url=&#8221;https:\/\/www.linkedin.com\/company\/productos-hillbo\/&#8221; _builder_version=&#8221;4.4.3&#8243; background_color=&#8221;#007bb6&#8243; follow_button=&#8221;off&#8221; url_new_window=&#8221;on&#8221;]linkedin[\/et_pb_social_media_follow_network][\/et_pb_social_media_follow][\/et_pb_column][et_pb_column type=&#8221;2_3&#8243; _builder_version=&#8221;3.25&#8243; custom_padding=&#8221;|||&#8221; custom_css_main_element=&#8221;background-color:#eee5d5;||padding: 50px;&#8221; custom_padding__hover=&#8221;|||&#8221;][et_pb_text _builder_version=&#8221;3.27.4&#8243;]<\/p>\n<h2>\u00c9CRIS NOUS.<\/h2>\n<p>Vous avez des doutes ou des remarques ? Vous avez besoin de plus d&#8217;informations? Faites-le nous savoir!<br \/>\n[\/et_pb_text][et_pb_code]\n<div class=\"wpcf7 no-js\" id=\"wpcf7-f361-o1\" lang=\"es-ES\" dir=\"ltr\" data-wpcf7-id=\"361\">\n<div class=\"screen-reader-response\"><p role=\"status\" aria-live=\"polite\" aria-atomic=\"true\"><\/p> <ul><\/ul><\/div>\n<form action=\"\/fr\/wp-json\/wp\/v2\/pages\/1897#wpcf7-f361-o1\" method=\"post\" class=\"wpcf7-form init\" aria-label=\"Contact form\" novalidate=\"novalidate\" data-status=\"init\">\n<fieldset class=\"hidden-fields-container\"><input type=\"hidden\" name=\"_wpcf7\" value=\"361\" \/><input type=\"hidden\" name=\"_wpcf7_version\" value=\"6.1.5\" \/><input type=\"hidden\" name=\"_wpcf7_locale\" value=\"es_ES\" \/><input type=\"hidden\" name=\"_wpcf7_unit_tag\" value=\"wpcf7-f361-o1\" \/><input type=\"hidden\" name=\"_wpcf7_container_post\" value=\"0\" \/><input type=\"hidden\" name=\"_wpcf7_posted_data_hash\" value=\"\" \/>\n<\/fieldset>\n<p><label><br \/>\n<span class=\"wpcf7-form-control-wrap\" data-name=\"your-name\"><input size=\"40\" maxlength=\"400\" class=\"wpcf7-form-control wpcf7-text wpcf7-validates-as-required\" aria-required=\"true\" aria-invalid=\"false\" placeholder=\"Nom\" value=\"\" type=\"text\" name=\"your-name\" \/><\/span> <\/label>\n<\/p>\n<p><label><br \/>\n<span class=\"wpcf7-form-control-wrap\" data-name=\"your-email\"><input size=\"40\" maxlength=\"400\" class=\"wpcf7-form-control wpcf7-email wpcf7-validates-as-required wpcf7-text wpcf7-validates-as-email\" aria-required=\"true\" aria-invalid=\"false\" placeholder=\"Email\" value=\"\" type=\"email\" name=\"your-email\" \/><\/span> <\/label>\n<\/p>\n<p><label><br \/>\n<span class=\"wpcf7-form-control-wrap\" data-name=\"your-message\"><textarea cols=\"40\" rows=\"10\" maxlength=\"2000\" class=\"wpcf7-form-control wpcf7-textarea\" aria-invalid=\"false\" placeholder=\"Message\" name=\"your-message\"><\/textarea><\/span> <\/label>\n<\/p>\n<p><label><br \/>\n<span class=\"wpcf7-form-control-wrap\" data-name=\"acceptance-558\"><span class=\"wpcf7-form-control wpcf7-acceptance\"><span class=\"wpcf7-list-item\"><label><input type=\"checkbox\" name=\"acceptance-558\" value=\"1\" aria-invalid=\"false\" \/><span class=\"wpcf7-list-item-label\">J'accepte la <a href=\"http:\/\/hillbo.com\/fr\/politique-de-confidentialite\/\" target=\"_blank\">politique de confidentialit\u00e9<\/a><\/span><\/label><\/span><\/span><\/span><\/label>\n<\/p>\n<div class=\"hillbo-consentimiento\">\n\t<p>AU TRAITEMENT CONSENTEMENT DES DONNEES PERSONNELLES<br \/>\nPRODUITS HILLBO SL Il est responsable du traitement des donn\u00e9es personnelles des utilisateurs et vous informe que ces donn\u00e9es seront trait\u00e9es conform\u00e9ment aux dispositions du r\u00e8glement (UE) 2016\/679 du 27 Avril (GDPR), et la loi organique 3\/2018 , 5 D\u00e9cembre (LOPDGDD), il facilite le traitement des informations suivantes: Et le traitement des fins l\u00e9gitimes: maintenir une relation d'affaires (int\u00e9r\u00eat l\u00e9gitime de l'art. 6.1.f GDPR) et l'envoi de produits de communication ou des services (consentement, art. GDPR de 6.1.a). donn\u00e9es sur les crit\u00e8res de conservation: Ils doivent \u00eatre conserv\u00e9s plus que n\u00e9cessaire pour maintenir la fin du traitement ou quand il y a des exigences l\u00e9gales qui imposent leur garde \u00e0 vue et quand on n'a plus besoin \u00e0 cette fin sont supprim\u00e9es \u00e0 des mesures de s\u00e9curit\u00e9 appropri\u00e9es pour assurer l'anonymat des donn\u00e9es ou la destruction totale les m\u00eames. Communication de donn\u00e9es: aucune donn\u00e9e \u00e0 des tiers, sauf obligation l\u00e9gale \u00e0 communiquer. Droits pour aider l'utilisateur: droit de retirer son consentement \u00e0 tout moment. Droit d'acc\u00e8s, de rectification, de portabilit\u00e9 et de suppression des donn\u00e9es, et la limitation ou d'opposition \u00e0 leur traitement. Le droit de d\u00e9poser une plainte aupr\u00e8s de l'organe de surveillance (www.aepd.es) si elle estime que le traitement ne se conforme pas aux r\u00e9glementations en vigueur. Contactez l'exercice de leurs droits: info@hillbo.com\n\t<\/p>\n<\/div>\n<p><input class=\"wpcf7-form-control wpcf7-submit has-spinner\" type=\"submit\" value=\"Envoyer\" \/>\n<\/p>\n<div class=\"hillbo-desist\">\n\t<p>Vous n'avez qu'\u00e0 remplir et envoyer <a target=\"_blank\" href=\"http:\/\/hillbo.com\/wp-content\/uploads\/2019\/12\/PRODUCTOS_HILLBO_SL_E-COMMERCE_Formulario_de_solicitud_de_DESISTIMIE_FR.pdf\">ce formulaire<\/a> si vous souhaitez r\u00e9silier le contrat de vente de produits ou de prestation de services\n\t<\/p>\n<\/div><div class=\"wpcf7-response-output\" aria-hidden=\"true\"><\/div>\n<\/form>\n<\/div>\n[\/et_pb_code][\/et_pb_column][\/et_pb_row][\/et_pb_section][et_pb_section fb_built=&#8221;1&#8243; fullwidth=&#8221;on&#8221; _builder_version=&#8221;3.22&#8243;][et_pb_fullwidth_map address=&#8221;Santa Margarita y Monj\u00f3s, Barcelona, Espa\u00f1a&#8221; zoom_level=&#8221;13&#8243; address_lat=&#8221;41.316646053290576&#8243; address_lng=&#8221;1.651366678759814&#8243; mouse_wheel=&#8221;off&#8221; _builder_version=&#8221;3.0.106&#8243;][et_pb_map_pin title=&#8221;Productos Hillbo, S.L&#8221; pin_address=&#8221;Pol. Pl\u00e0 de l&#8217;Estaci\u00f3, c\/Vilanova, 2, 08730, Barcelona, Espa\u00f1a&#8221; pin_address_lat=&#8221;41.3144466&#8243; pin_address_lng=&#8221;1.65336149999996&#8243; _builder_version=&#8221;3.0.106&#8243;][\/et_pb_map_pin][\/et_pb_fullwidth_map][\/et_pb_section]<\/p>\n","protected":false},"excerpt":{"rendered":"<p>Pol. Pl\u00e0 de l\u2019Estaci\u00f3, c\/ Vilanova, 2 08730 Santa Margarida i els Monjos Barcelona Tel. (+34) 938 980 730 Fax. (+34) 938 980 846 chocolates@hillbo.com \u00c9CRIS NOUS. Vous avez des doutes ou des remarques ? Vous avez besoin de plus d&#8217;informations? Faites-le nous savoir! \n<div class=\"wpcf7 no-js\" id=\"wpcf7-f361-o2\" lang=\"es-ES\" dir=\"ltr\" data-wpcf7-id=\"361\">\n<div class=\"screen-reader-response\"><p role=\"status\" aria-live=\"polite\" aria-atomic=\"true\"><\/p> <ul><\/ul><\/div>\n<form action=\"\/fr\/wp-json\/wp\/v2\/pages\/1897#wpcf7-f361-o2\" method=\"post\" class=\"wpcf7-form init\" aria-label=\"Contact form\" novalidate=\"novalidate\" data-status=\"init\">\n<fieldset class=\"hidden-fields-container\"><input type=\"hidden\" name=\"_wpcf7\" value=\"361\" \/><input type=\"hidden\" name=\"_wpcf7_version\" value=\"6.1.5\" \/><input type=\"hidden\" name=\"_wpcf7_locale\" value=\"es_ES\" \/><input type=\"hidden\" name=\"_wpcf7_unit_tag\" value=\"wpcf7-f361-o2\" \/><input type=\"hidden\" name=\"_wpcf7_container_post\" value=\"0\" \/><input type=\"hidden\" name=\"_wpcf7_posted_data_hash\" value=\"\" \/>\n<\/fieldset>\n<p><label><br \/>\n<span class=\"wpcf7-form-control-wrap\" data-name=\"your-name\"><input size=\"40\" maxlength=\"400\" class=\"wpcf7-form-control wpcf7-text wpcf7-validates-as-required\" aria-required=\"true\" aria-invalid=\"false\" placeholder=\"Nom\" value=\"\" type=\"text\" name=\"your-name\" \/><\/span> <\/label>\n<\/p>\n<p><label><br \/>\n<span class=\"wpcf7-form-control-wrap\" data-name=\"your-email\"><input size=\"40\" maxlength=\"400\" class=\"wpcf7-form-control wpcf7-email wpcf7-validates-as-required wpcf7-text wpcf7-validates-as-email\" aria-required=\"true\" aria-invalid=\"false\" placeholder=\"Email\" value=\"\" type=\"email\" name=\"your-email\" \/><\/span> <\/label>\n<\/p>\n<p><label><br \/>\n<span class=\"wpcf7-form-control-wrap\" data-name=\"your-message\"><textarea cols=\"40\" rows=\"10\" maxlength=\"2000\" class=\"wpcf7-form-control wpcf7-textarea\" aria-invalid=\"false\" placeholder=\"Message\" name=\"your-message\"><\/textarea><\/span> <\/label>\n<\/p>\n<p><label><br \/>\n<span class=\"wpcf7-form-control-wrap\" data-name=\"acceptance-558\"><span class=\"wpcf7-form-control wpcf7-acceptance\"><span class=\"wpcf7-list-item\"><label><input type=\"checkbox\" name=\"acceptance-558\" value=\"1\" aria-invalid=\"false\" \/><span class=\"wpcf7-list-item-label\">J'accepte la <a href=\"http:\/\/hillbo.com\/fr\/politique-de-confidentialite\/\" target=\"_blank\">politique de confidentialit\u00e9<\/a><\/span><\/label><\/span><\/span><\/span><\/label>\n<\/p>\n<div class=\"hillbo-consentimiento\">\n\t<p>AU TRAITEMENT CONSENTEMENT DES DONNEES PERSONNELLES<br \/>\nPRODUITS HILLBO SL Il est responsable du traitement des donn\u00e9es personnelles des utilisateurs et vous informe que ces donn\u00e9es seront trait\u00e9es conform\u00e9ment aux dispositions du r\u00e8glement (UE) 2016\/679 du 27 Avril (GDPR), et la loi organique 3\/2018 , 5 D\u00e9cembre (LOPDGDD), il facilite le traitement des informations suivantes: Et le traitement des fins l\u00e9gitimes: maintenir une relation d'affaires (int\u00e9r\u00eat l\u00e9gitime de l'art. 6.1.f GDPR) et l'envoi de produits de communication ou des services (consentement, art. GDPR de 6.1.a). donn\u00e9es sur les crit\u00e8res de conservation: Ils doivent \u00eatre conserv\u00e9s plus que n\u00e9cessaire pour maintenir la fin du traitement ou quand il y a des exigences l\u00e9gales qui imposent leur garde \u00e0 vue et quand on n'a plus besoin \u00e0 cette fin sont supprim\u00e9es \u00e0 des mesures de s\u00e9curit\u00e9 appropri\u00e9es pour assurer l'anonymat des donn\u00e9es ou la destruction totale les m\u00eames. Communication de donn\u00e9es: aucune donn\u00e9e \u00e0 des tiers, sauf obligation l\u00e9gale \u00e0 communiquer. Droits pour aider l'utilisateur: droit de retirer son consentement \u00e0 tout moment. Droit d'acc\u00e8s, de rectification, de portabilit\u00e9 et de suppression des donn\u00e9es, et la limitation ou d'opposition \u00e0 leur traitement. Le droit de d\u00e9poser une plainte aupr\u00e8s de l'organe de surveillance (www.aepd.es) si elle estime que le traitement ne se conforme pas aux r\u00e9glementations en vigueur. Contactez l'exercice de leurs droits: info@hillbo.com\n\t<\/p>\n<\/div>\n<p><input class=\"wpcf7-form-control wpcf7-submit has-spinner\" type=\"submit\" value=\"Envoyer\" \/>\n<\/p>\n<div class=\"hillbo-desist\">\n\t<p>Vous n'avez qu'\u00e0 remplir et envoyer <a target=\"_blank\" href=\"http:\/\/hillbo.com\/wp-content\/uploads\/2019\/12\/PRODUCTOS_HILLBO_SL_E-COMMERCE_Formulario_de_solicitud_de_DESISTIMIE_FR.pdf\">ce formulaire<\/a> si vous souhaitez r\u00e9silier le contrat de vente de produits ou de prestation de services\n\t<\/p>\n<\/div><div class=\"wpcf7-response-output\" aria-hidden=\"true\"><\/div>\n<\/form>\n<\/div>\n<\/p>\n","protected":false},"author":4,"featured_media":0,"parent":0,"menu_order":0,"comment_status":"closed","ping_status":"closed","template":"","meta":{"_et_pb_use_builder":"on","_et_pb_old_content":"","_et_gb_content_width":"","footnotes":""},"class_list":["post-1897","page","type-page","status-publish","hentry"],"yoast_head":"<!-- This site is optimized with the Yoast SEO plugin v26.8 - https:\/\/yoast.com\/product\/yoast-seo-wordpress\/ -->\n<title>Contact - Hillbo<\/title>\n<meta name=\"robots\" content=\"index, follow, max-snippet:-1, max-image-preview:large, max-video-preview:-1\" \/>\n<link rel=\"canonical\" href=\"https:\/\/hillbo.com\/es\/contacto\/\" \/>\n<meta property=\"og:locale\" content=\"fr_FR\" \/>\n<meta property=\"og:type\" content=\"article\" \/>\n<meta property=\"og:title\" content=\"Contact - Hillbo\" \/>\n<meta property=\"og:description\" content=\"Pol. Pl\u00e0 de l\u2019Estaci\u00f3, c\/ Vilanova, 2 08730 Santa Margarida i els Monjos Barcelona Tel. (+34) 938 980 730 Fax. (+34) 938 980 846 chocolates@hillbo.com \u00c9CRIS NOUS. Vous avez des doutes ou des remarques ? Vous avez besoin de plus d&#039;informations? Faites-le nous savoir!\" \/>\n<meta property=\"og:url\" content=\"https:\/\/hillbo.com\/es\/contacto\/\" \/>\n<meta property=\"og:site_name\" content=\"Hillbo\" \/>\n<meta property=\"article:modified_time\" content=\"2022-10-17T10:19:09+00:00\" \/>\n<meta name=\"twitter:card\" content=\"summary_large_image\" \/>\n<meta name=\"twitter:label1\" content=\"Est. reading time\" \/>\n\t<meta name=\"twitter:data1\" content=\"3 minutes\" \/>\n<script type=\"application\/ld+json\" class=\"yoast-schema-graph\">{\"@context\":\"https:\/\/schema.org\",\"@graph\":[{\"@type\":\"WebPage\",\"@id\":\"https:\/\/hillbo.com\/es\/contacto\/\",\"url\":\"https:\/\/hillbo.com\/es\/contacto\/\",\"name\":\"Contact - Hillbo\",\"isPartOf\":{\"@id\":\"https:\/\/hillbo.com\/es\/#website\"},\"datePublished\":\"2018-04-09T16:32:36+00:00\",\"dateModified\":\"2022-10-17T10:19:09+00:00\",\"breadcrumb\":{\"@id\":\"https:\/\/hillbo.com\/es\/contacto\/#breadcrumb\"},\"inLanguage\":\"fr-FR\",\"potentialAction\":[{\"@type\":\"ReadAction\",\"target\":[\"https:\/\/hillbo.com\/es\/contacto\/\"]}]},{\"@type\":\"BreadcrumbList\",\"@id\":\"https:\/\/hillbo.com\/es\/contacto\/#breadcrumb\",\"itemListElement\":[{\"@type\":\"ListItem\",\"position\":1,\"name\":\"Portada\",\"item\":\"https:\/\/hillbo.com\/fr\/\"},{\"@type\":\"ListItem\",\"position\":2,\"name\":\"Contact\"}]},{\"@type\":\"WebSite\",\"@id\":\"https:\/\/hillbo.com\/es\/#website\",\"url\":\"https:\/\/hillbo.com\/es\/\",\"name\":\"Hillbo\",\"description\":\"Empresa l\u00edder en la fabricaci\u00f3n de productos de decoraci\u00f3n en chocolate, tanto a nivel nacional como internacional\",\"publisher\":{\"@id\":\"https:\/\/hillbo.com\/es\/#organization\"},\"potentialAction\":[{\"@type\":\"SearchAction\",\"target\":{\"@type\":\"EntryPoint\",\"urlTemplate\":\"https:\/\/hillbo.com\/es\/?s={search_term_string}\"},\"query-input\":{\"@type\":\"PropertyValueSpecification\",\"valueRequired\":true,\"valueName\":\"search_term_string\"}}],\"inLanguage\":\"fr-FR\"},{\"@type\":\"Organization\",\"@id\":\"https:\/\/hillbo.com\/es\/#organization\",\"name\":\"Hillbo\",\"url\":\"https:\/\/hillbo.com\/es\/\",\"logo\":{\"@type\":\"ImageObject\",\"inLanguage\":\"fr-FR\",\"@id\":\"https:\/\/hillbo.com\/es\/#\/schema\/logo\/image\/\",\"url\":\"https:\/\/hillbo.com\/wp-content\/uploads\/2021\/09\/LogoHillbo4T.png\",\"contentUrl\":\"https:\/\/hillbo.com\/wp-content\/uploads\/2021\/09\/LogoHillbo4T.png\",\"width\":3392,\"height\":1875,\"caption\":\"Hillbo\"},\"image\":{\"@id\":\"https:\/\/hillbo.com\/es\/#\/schema\/logo\/image\/\"}}]}<\/script>\n<!-- \/ Yoast SEO plugin. -->","yoast_head_json":{"title":"Contact - Hillbo","robots":{"index":"index","follow":"follow","max-snippet":"max-snippet:-1","max-image-preview":"max-image-preview:large","max-video-preview":"max-video-preview:-1"},"canonical":"https:\/\/hillbo.com\/es\/contacto\/","og_locale":"fr_FR","og_type":"article","og_title":"Contact - Hillbo","og_description":"Pol. Pl\u00e0 de l\u2019Estaci\u00f3, c\/ Vilanova, 2 08730 Santa Margarida i els Monjos Barcelona Tel. (+34) 938 980 730 Fax. (+34) 938 980 846 chocolates@hillbo.com \u00c9CRIS NOUS. Vous avez des doutes ou des remarques ? Vous avez besoin de plus d'informations? Faites-le nous savoir!","og_url":"https:\/\/hillbo.com\/es\/contacto\/","og_site_name":"Hillbo","article_modified_time":"2022-10-17T10:19:09+00:00","twitter_card":"summary_large_image","twitter_misc":{"Est. reading time":"3 minutes"},"schema":{"@context":"https:\/\/schema.org","@graph":[{"@type":"WebPage","@id":"https:\/\/hillbo.com\/es\/contacto\/","url":"https:\/\/hillbo.com\/es\/contacto\/","name":"Contact - Hillbo","isPartOf":{"@id":"https:\/\/hillbo.com\/es\/#website"},"datePublished":"2018-04-09T16:32:36+00:00","dateModified":"2022-10-17T10:19:09+00:00","breadcrumb":{"@id":"https:\/\/hillbo.com\/es\/contacto\/#breadcrumb"},"inLanguage":"fr-FR","potentialAction":[{"@type":"ReadAction","target":["https:\/\/hillbo.com\/es\/contacto\/"]}]},{"@type":"BreadcrumbList","@id":"https:\/\/hillbo.com\/es\/contacto\/#breadcrumb","itemListElement":[{"@type":"ListItem","position":1,"name":"Portada","item":"https:\/\/hillbo.com\/fr\/"},{"@type":"ListItem","position":2,"name":"Contact"}]},{"@type":"WebSite","@id":"https:\/\/hillbo.com\/es\/#website","url":"https:\/\/hillbo.com\/es\/","name":"Hillbo","description":"Empresa l\u00edder en la fabricaci\u00f3n de productos de decoraci\u00f3n en chocolate, tanto a nivel nacional como internacional","publisher":{"@id":"https:\/\/hillbo.com\/es\/#organization"},"potentialAction":[{"@type":"SearchAction","target":{"@type":"EntryPoint","urlTemplate":"https:\/\/hillbo.com\/es\/?s={search_term_string}"},"query-input":{"@type":"PropertyValueSpecification","valueRequired":true,"valueName":"search_term_string"}}],"inLanguage":"fr-FR"},{"@type":"Organization","@id":"https:\/\/hillbo.com\/es\/#organization","name":"Hillbo","url":"https:\/\/hillbo.com\/es\/","logo":{"@type":"ImageObject","inLanguage":"fr-FR","@id":"https:\/\/hillbo.com\/es\/#\/schema\/logo\/image\/","url":"https:\/\/hillbo.com\/wp-content\/uploads\/2021\/09\/LogoHillbo4T.png","contentUrl":"https:\/\/hillbo.com\/wp-content\/uploads\/2021\/09\/LogoHillbo4T.png","width":3392,"height":1875,"caption":"Hillbo"},"image":{"@id":"https:\/\/hillbo.com\/es\/#\/schema\/logo\/image\/"}}]}},"_links":{"self":[{"href":"https:\/\/hillbo.com\/fr\/wp-json\/wp\/v2\/pages\/1897","targetHints":{"allow":["GET"]}}],"collection":[{"href":"https:\/\/hillbo.com\/fr\/wp-json\/wp\/v2\/pages"}],"about":[{"href":"https:\/\/hillbo.com\/fr\/wp-json\/wp\/v2\/types\/page"}],"author":[{"embeddable":true,"href":"https:\/\/hillbo.com\/fr\/wp-json\/wp\/v2\/users\/4"}],"replies":[{"embeddable":true,"href":"https:\/\/hillbo.com\/fr\/wp-json\/wp\/v2\/comments?post=1897"}],"version-history":[{"count":12,"href":"https:\/\/hillbo.com\/fr\/wp-json\/wp\/v2\/pages\/1897\/revisions"}],"predecessor-version":[{"id":7461,"href":"https:\/\/hillbo.com\/fr\/wp-json\/wp\/v2\/pages\/1897\/revisions\/7461"}],"wp:attachment":[{"href":"https:\/\/hillbo.com\/fr\/wp-json\/wp\/v2\/media?parent=1897"}],"curies":[{"name":"wp","href":"https:\/\/api.w.org\/{rel}","templated":true}]}}