{"id":4548,"date":"2021-10-01T08:29:07","date_gmt":"2021-10-01T08:29:07","guid":{"rendered":"https:\/\/hillbo.com\/?page_id=4548"},"modified":"2021-10-01T08:29:18","modified_gmt":"2021-10-01T08:29:18","slug":"favoritos","status":"publish","type":"page","link":"https:\/\/hillbo.com\/fr\/boutique\/favoritos\/","title":{"rendered":"Favoritos"},"content":{"rendered":"<p>[et_pb_section fb_built=&#8221;1&#8243; _builder_version=&#8221;3.22&#8243;][et_pb_row _builder_version=&#8221;3.25&#8243; background_size=&#8221;initial&#8221; background_position=&#8221;top_left&#8221; background_repeat=&#8221;repeat&#8221;][et_pb_column type=&#8221;4_4&#8243; _builder_version=&#8221;3.25&#8243; custom_padding=&#8221;|||&#8221; custom_padding__hover=&#8221;|||&#8221;][et_pb_code _builder_version=&#8221;4.4.3&#8243;]<div class=\"et_pb_column et_pb_column_4_4  et_pb_column_0 et_pb_css_mix_blend_mode_passthrough et-last-child\"><div class=\"et_pb_text et_pb_module et_pb_bg_layout_light et_pb_text_align_left  et_pb_text_0\"><div class=\"et_pb_text_inner hillbo-breadcrumb\"><ul class=\"hillbo-list-breadcrumb\"><li class=\"hillbo-list-bc-flecha\"><\/li>\n        <a class=\"\" href=\"https:\/\/hillbo.com\/fr\/boutique\/\"><li>Boutique<\/li><\/a><li class=\"hillbo-list-bc-flecha\">\/<\/li>\n        <a class=\"hillbo_bc_active\" href=\"https:\/\/hillbo.com\/fr\/boutique\/favoritos\/\"><li>Favoris<\/li><\/a><\/div><\/div><\/div>[\/et_pb_code][\/et_pb_column][\/et_pb_row][et_pb_row column_structure=&#8221;1_4,3_4&#8243; module_class=&#8221; et_pb_row_fullwidth&#8221; _builder_version=&#8221;3.25&#8243; width=&#8221;89%&#8221; width_tablet=&#8221;80%&#8221; width_phone=&#8221;&#8221; width_last_edited=&#8221;on|desktop&#8221; max_width=&#8221;89%&#8221; max_width_tablet=&#8221;80%&#8221; max_width_phone=&#8221;&#8221; max_width_last_edited=&#8221;on|desktop&#8221; make_fullwidth=&#8221;on&#8221;][et_pb_column type=&#8221;1_4&#8243; _builder_version=&#8221;3.25&#8243; custom_padding=&#8221;|||&#8221; custom_padding__hover=&#8221;|||&#8221;][et_pb_code module_class=&#8221;hillbo-tienda-lateral&#8221; _builder_version=&#8221;4.4.3&#8243;]<div class=\"clearfix\"><\/div><ul class=\"hillbo-micuenta\">\n        <a href=\"https:\/\/hillbo.com\/fr\/boutique\/mis-datos\/\"><li class=\"\"><img decoding=\"async\" src=\"\/wp-content\/plugins\/hillbo\/icons\/user.png\" class=\"hillbo-menu-icons\"><div class=\"hillbo-menu-item \">Mes coordonn\u00e9es<\/div><\/li><\/a>\n        <a href=\"https:\/\/hillbo.com\/fr\/boutique\/mis-direcciones\/\"><li class=\"\"><img decoding=\"async\" src=\"\/wp-content\/plugins\/hillbo\/icons\/direcciones.png\" class=\"hillbo-menu-icons\"><div class=\"hillbo-menu-item \">Mes addresses<\/div><\/li><\/a>\n        <a href=\"https:\/\/hillbo.com\/fr\/boutique\/pedidos\/\"><li class=\"\"><img decoding=\"async\" src=\"\/wp-content\/plugins\/hillbo\/icons\/carrito.png\" class=\"hillbo-menu-icons \"><div class=\"hillbo-menu-item\">Commandes<\/div><\/li><\/a>\n        <a href=\"https:\/\/hillbo.com\/fr\/boutique\/favoritos\/\"><li class=\"color-activo\"><img decoding=\"async\" src=\"\/wp-content\/plugins\/hillbo\/icons\/favoritos.png\" class=\"hillbo-menu-icons color-activo\"><div class=\"hillbo-menu-item\">Favoris<\/div><\/li><\/a>\n        <a href=\"https:\/\/hillbo.com\/fr\/boutique\/login\/?out=1\"><li><img decoding=\"async\" src=\"\/wp-content\/plugins\/hillbo\/icons\/logout.png\" class=\"hillbo-menu-icons\"><div class=\"hillbo-menu-item hillbo-menu-item-last\">Fermer la session<\/div><\/li><\/a>\n        <\/ul>\n        [\/et_pb_code][\/et_pb_column][et_pb_column type=&#8221;3_4&#8243; _builder_version=&#8221;3.25&#8243; custom_padding=&#8221;|||&#8221; custom_padding__hover=&#8221;|||&#8221;][et_pb_code]<div class=\"\" style=\"margin-bottom: 36px;\"><div class=\"et_pb_text et_pb_module et_pb_bg_layout_light et_pb_text_align_left  et_pb_text_0\"><div class=\"et_pb_text_inner hillbo-titular-cat \"><h2 class=\"\">Favoris<\/h2><\/div><\/div><\/div><div class=\"clearfix\"><\/div>[\/et_pb_code][\/et_pb_column][\/et_pb_row][\/et_pb_section]<\/p>\n","protected":false},"excerpt":{"rendered":"<p><div class=\"et_pb_column et_pb_column_4_4  et_pb_column_0 et_pb_css_mix_blend_mode_passthrough et-last-child\"><div class=\"et_pb_text et_pb_module et_pb_bg_layout_light et_pb_text_align_left  et_pb_text_0\"><div class=\"et_pb_text_inner hillbo-breadcrumb\"><ul class=\"hillbo-list-breadcrumb\"><li class=\"hillbo-list-bc-flecha\"><\/li>\n        <a class=\"\" href=\"https:\/\/hillbo.com\/fr\/boutique\/\"><li>Boutique<\/li><\/a><li class=\"hillbo-list-bc-flecha\">\/<\/li>\n        <a class=\"hillbo_bc_active\" href=\"https:\/\/hillbo.com\/fr\/boutique\/favoritos\/\"><li>Favoris<\/li><\/a><\/div><\/div><\/div><div class=\"clearfix\"><\/div><ul class=\"hillbo-micuenta\">\n        <a href=\"https:\/\/hillbo.com\/fr\/boutique\/mis-datos\/\"><li class=\"\"><img decoding=\"async\" src=\"\/wp-content\/plugins\/hillbo\/icons\/user.png\" class=\"hillbo-menu-icons\"><div class=\"hillbo-menu-item \">Mes coordonn\u00e9es<\/div><\/li><\/a>\n        <a href=\"https:\/\/hillbo.com\/fr\/boutique\/mis-direcciones\/\"><li class=\"\"><img decoding=\"async\" src=\"\/wp-content\/plugins\/hillbo\/icons\/direcciones.png\" class=\"hillbo-menu-icons\"><div class=\"hillbo-menu-item \">Mes addresses<\/div><\/li><\/a>\n        <a href=\"https:\/\/hillbo.com\/fr\/boutique\/pedidos\/\"><li class=\"\"><img decoding=\"async\" src=\"\/wp-content\/plugins\/hillbo\/icons\/carrito.png\" class=\"hillbo-menu-icons \"><div class=\"hillbo-menu-item\">Commandes<\/div><\/li><\/a>\n        <a href=\"https:\/\/hillbo.com\/fr\/boutique\/favoritos\/\"><li class=\"color-activo\"><img decoding=\"async\" src=\"\/wp-content\/plugins\/hillbo\/icons\/favoritos.png\" class=\"hillbo-menu-icons color-activo\"><div class=\"hillbo-menu-item\">Favoris<\/div><\/li><\/a>\n        <a href=\"https:\/\/hillbo.com\/fr\/boutique\/login\/?out=1\"><li><img decoding=\"async\" src=\"\/wp-content\/plugins\/hillbo\/icons\/logout.png\" class=\"hillbo-menu-icons\"><div class=\"hillbo-menu-item hillbo-menu-item-last\">Fermer la session<\/div><\/li><\/a>\n        <\/ul>\n        <div class=\"\" style=\"margin-bottom: 36px;\"><div class=\"et_pb_text et_pb_module et_pb_bg_layout_light et_pb_text_align_left  et_pb_text_0\"><div class=\"et_pb_text_inner hillbo-titular-cat \"><h2 class=\"\">Favoris<\/h2><\/div><\/div><\/div><div class=\"clearfix\"><\/div><\/p>\n","protected":false},"author":2,"featured_media":0,"parent":2172,"menu_order":0,"comment_status":"closed","ping_status":"closed","template":"","meta":{"_et_pb_use_builder":"on","_et_pb_old_content":"","_et_gb_content_width":"","footnotes":""},"class_list":["post-4548","page","type-page","status-publish","hentry"],"yoast_head":"<!-- This site is optimized with the Yoast SEO plugin v26.8 - https:\/\/yoast.com\/product\/yoast-seo-wordpress\/ -->\n<title>Favoritos - Hillbo<\/title>\n<meta name=\"robots\" content=\"index, follow, max-snippet:-1, max-image-preview:large, max-video-preview:-1\" \/>\n<link rel=\"canonical\" href=\"https:\/\/hillbo.com\/es\/productos\/favoritos\/\" \/>\n<meta property=\"og:locale\" content=\"fr_FR\" \/>\n<meta property=\"og:type\" content=\"article\" \/>\n<meta property=\"og:title\" content=\"Favoritos - Hillbo\" \/>\n<meta property=\"og:url\" content=\"https:\/\/hillbo.com\/es\/productos\/favoritos\/\" \/>\n<meta property=\"og:site_name\" content=\"Hillbo\" \/>\n<meta property=\"article:modified_time\" content=\"2021-10-01T08:29:18+00:00\" \/>\n<meta name=\"twitter:card\" content=\"summary_large_image\" \/>\n<meta name=\"twitter:description\" content=\"[hillbo modulo=&quot;breadcrumb&quot; page=&quot;favoritos&quot;][hillbo modulo=&quot;menu-cuenta&quot; page=&quot;favoritos&quot;][hillbo modulo=&quot;favoritos&quot;]\" \/>\n<meta name=\"twitter:label1\" content=\"Est. reading time\" \/>\n\t<meta name=\"twitter:data1\" content=\"1 minute\" \/>\n<script type=\"application\/ld+json\" class=\"yoast-schema-graph\">{\"@context\":\"https:\/\/schema.org\",\"@graph\":[{\"@type\":\"WebPage\",\"@id\":\"https:\/\/hillbo.com\/es\/productos\/favoritos\/\",\"url\":\"https:\/\/hillbo.com\/es\/productos\/favoritos\/\",\"name\":\"Favoritos - Hillbo\",\"isPartOf\":{\"@id\":\"https:\/\/hillbo.com\/es\/#website\"},\"datePublished\":\"2021-10-01T08:29:07+00:00\",\"dateModified\":\"2021-10-01T08:29:18+00:00\",\"breadcrumb\":{\"@id\":\"https:\/\/hillbo.com\/es\/productos\/favoritos\/#breadcrumb\"},\"inLanguage\":\"fr-FR\",\"potentialAction\":[{\"@type\":\"ReadAction\",\"target\":[\"https:\/\/hillbo.com\/es\/productos\/favoritos\/\"]}]},{\"@type\":\"BreadcrumbList\",\"@id\":\"https:\/\/hillbo.com\/es\/productos\/favoritos\/#breadcrumb\",\"itemListElement\":[{\"@type\":\"ListItem\",\"position\":1,\"name\":\"Portada\",\"item\":\"https:\/\/hillbo.com\/fr\/\"},{\"@type\":\"ListItem\",\"position\":2,\"name\":\"Boutique\",\"item\":\"https:\/\/hillbo.com\/fr\/boutique\/\"},{\"@type\":\"ListItem\",\"position\":3,\"name\":\"Favoritos\"}]},{\"@type\":\"WebSite\",\"@id\":\"https:\/\/hillbo.com\/es\/#website\",\"url\":\"https:\/\/hillbo.com\/es\/\",\"name\":\"Hillbo\",\"description\":\"Empresa l\u00edder en la fabricaci\u00f3n de productos de decoraci\u00f3n en chocolate, tanto a nivel nacional como internacional\",\"publisher\":{\"@id\":\"https:\/\/hillbo.com\/es\/#organization\"},\"potentialAction\":[{\"@type\":\"SearchAction\",\"target\":{\"@type\":\"EntryPoint\",\"urlTemplate\":\"https:\/\/hillbo.com\/es\/?s={search_term_string}\"},\"query-input\":{\"@type\":\"PropertyValueSpecification\",\"valueRequired\":true,\"valueName\":\"search_term_string\"}}],\"inLanguage\":\"fr-FR\"},{\"@type\":\"Organization\",\"@id\":\"https:\/\/hillbo.com\/es\/#organization\",\"name\":\"Hillbo\",\"url\":\"https:\/\/hillbo.com\/es\/\",\"logo\":{\"@type\":\"ImageObject\",\"inLanguage\":\"fr-FR\",\"@id\":\"https:\/\/hillbo.com\/es\/#\/schema\/logo\/image\/\",\"url\":\"https:\/\/hillbo.com\/wp-content\/uploads\/2021\/09\/LogoHillbo4T.png\",\"contentUrl\":\"https:\/\/hillbo.com\/wp-content\/uploads\/2021\/09\/LogoHillbo4T.png\",\"width\":3392,\"height\":1875,\"caption\":\"Hillbo\"},\"image\":{\"@id\":\"https:\/\/hillbo.com\/es\/#\/schema\/logo\/image\/\"}}]}<\/script>\n<!-- \/ Yoast SEO plugin. -->","yoast_head_json":{"title":"Favoritos - Hillbo","robots":{"index":"index","follow":"follow","max-snippet":"max-snippet:-1","max-image-preview":"max-image-preview:large","max-video-preview":"max-video-preview:-1"},"canonical":"https:\/\/hillbo.com\/es\/productos\/favoritos\/","og_locale":"fr_FR","og_type":"article","og_title":"Favoritos - Hillbo","og_url":"https:\/\/hillbo.com\/es\/productos\/favoritos\/","og_site_name":"Hillbo","article_modified_time":"2021-10-01T08:29:18+00:00","twitter_card":"summary_large_image","twitter_description":"[hillbo modulo=\"breadcrumb\" page=\"favoritos\"][hillbo modulo=\"menu-cuenta\" page=\"favoritos\"][hillbo modulo=\"favoritos\"]","twitter_misc":{"Est. reading time":"1 minute"},"schema":{"@context":"https:\/\/schema.org","@graph":[{"@type":"WebPage","@id":"https:\/\/hillbo.com\/es\/productos\/favoritos\/","url":"https:\/\/hillbo.com\/es\/productos\/favoritos\/","name":"Favoritos - Hillbo","isPartOf":{"@id":"https:\/\/hillbo.com\/es\/#website"},"datePublished":"2021-10-01T08:29:07+00:00","dateModified":"2021-10-01T08:29:18+00:00","breadcrumb":{"@id":"https:\/\/hillbo.com\/es\/productos\/favoritos\/#breadcrumb"},"inLanguage":"fr-FR","potentialAction":[{"@type":"ReadAction","target":["https:\/\/hillbo.com\/es\/productos\/favoritos\/"]}]},{"@type":"BreadcrumbList","@id":"https:\/\/hillbo.com\/es\/productos\/favoritos\/#breadcrumb","itemListElement":[{"@type":"ListItem","position":1,"name":"Portada","item":"https:\/\/hillbo.com\/fr\/"},{"@type":"ListItem","position":2,"name":"Boutique","item":"https:\/\/hillbo.com\/fr\/boutique\/"},{"@type":"ListItem","position":3,"name":"Favoritos"}]},{"@type":"WebSite","@id":"https:\/\/hillbo.com\/es\/#website","url":"https:\/\/hillbo.com\/es\/","name":"Hillbo","description":"Empresa l\u00edder en la fabricaci\u00f3n de productos de decoraci\u00f3n en chocolate, tanto a nivel nacional como internacional","publisher":{"@id":"https:\/\/hillbo.com\/es\/#organization"},"potentialAction":[{"@type":"SearchAction","target":{"@type":"EntryPoint","urlTemplate":"https:\/\/hillbo.com\/es\/?s={search_term_string}"},"query-input":{"@type":"PropertyValueSpecification","valueRequired":true,"valueName":"search_term_string"}}],"inLanguage":"fr-FR"},{"@type":"Organization","@id":"https:\/\/hillbo.com\/es\/#organization","name":"Hillbo","url":"https:\/\/hillbo.com\/es\/","logo":{"@type":"ImageObject","inLanguage":"fr-FR","@id":"https:\/\/hillbo.com\/es\/#\/schema\/logo\/image\/","url":"https:\/\/hillbo.com\/wp-content\/uploads\/2021\/09\/LogoHillbo4T.png","contentUrl":"https:\/\/hillbo.com\/wp-content\/uploads\/2021\/09\/LogoHillbo4T.png","width":3392,"height":1875,"caption":"Hillbo"},"image":{"@id":"https:\/\/hillbo.com\/es\/#\/schema\/logo\/image\/"}}]}},"_links":{"self":[{"href":"https:\/\/hillbo.com\/fr\/wp-json\/wp\/v2\/pages\/4548","targetHints":{"allow":["GET"]}}],"collection":[{"href":"https:\/\/hillbo.com\/fr\/wp-json\/wp\/v2\/pages"}],"about":[{"href":"https:\/\/hillbo.com\/fr\/wp-json\/wp\/v2\/types\/page"}],"author":[{"embeddable":true,"href":"https:\/\/hillbo.com\/fr\/wp-json\/wp\/v2\/users\/2"}],"replies":[{"embeddable":true,"href":"https:\/\/hillbo.com\/fr\/wp-json\/wp\/v2\/comments?post=4548"}],"version-history":[{"count":2,"href":"https:\/\/hillbo.com\/fr\/wp-json\/wp\/v2\/pages\/4548\/revisions"}],"predecessor-version":[{"id":4555,"href":"https:\/\/hillbo.com\/fr\/wp-json\/wp\/v2\/pages\/4548\/revisions\/4555"}],"up":[{"embeddable":true,"href":"https:\/\/hillbo.com\/fr\/wp-json\/wp\/v2\/pages\/2172"}],"wp:attachment":[{"href":"https:\/\/hillbo.com\/fr\/wp-json\/wp\/v2\/media?parent=4548"}],"curies":[{"name":"wp","href":"https:\/\/api.w.org\/{rel}","templated":true}]}}